{"id":17260,"date":"2019-09-05T17:18:51","date_gmt":"2019-09-05T15:18:51","guid":{"rendered":"https:\/\/www.univ-larochelle.fr\/?page_id=17260"},"modified":"2024-05-13T14:35:50","modified_gmt":"2024-05-13T12:35:50","slug":"financing-an-internship-abroad","status":"publish","type":"page","link":"https:\/\/www.univ-larochelle.fr\/en\/international\/studying-abroad\/internship-abroad\/financing-an-internship-abroad\/","title":{"rendered":"Financing an internship abroad"},"content":{"rendered":"<div class=\"wpb-content-wrapper\"><p>[vc_row][vc_column][vc_column_text]La Rochelle Universit\u00e9\u00a0<strong>helps students<\/strong> to finance their period of study abroad. A travel allowance is not given systematically and will not cover all of your expenses.[\/vc_column_text][\/vc_column][\/vc_row][vc_row][vc_column][vc_message]Note : <span lang=\"EN\">It is the New Aquitaine region that manages your administrative files and the payment of your allowance<\/span><span lang=\"EN-GB\">.<\/span>[\/vc_message][\/vc_column][\/vc_row][vc_row][vc_column][vc_column_text]<\/p>\n<h2>Post-baccalaureate internship abroad(Europe and outside Europe)<\/h2>\n<p>Period : 2 weeks minimum<\/p>\n<p>Beneficiary : Any student enrolled in an educational institution or vocational training programme in New Aquitaine, and undertaking as part of this programme a professional internship abroad.<\/p>\n<p>Modalities:<\/p>\n<ul>\n<li>All possible destinations(except French overseas departments)<\/li>\n<li>Applications from international students for an internship in their country of origin will be refused.<\/li>\n<li>Applications must be submitted before the start of the internship. Any application filed after the starting date of the internship will be automatically rejected<\/li>\n<\/ul>\n<p>Destination : All countries<\/p>\n<p>Payment Method : 80% at the beginning of the internship \/ 20% after the internship<\/p>\n<p>Allowance :<\/p>\n<ul>\n<li>80\u20ac per complete week<\/li>\n<li>100\u20ac per week for students in receipt of a means-tested allowance.<\/li>\n<\/ul>\n<p>[\/vc_column_text][\/vc_column][\/vc_row][vc_row][vc_column][vc_column_text]<\/p>\n<h3>Step 1 : Before departure<\/h3>\n<ul>\n<li>Find out about the terms, amounts awarded and the online procedure on the website of the New Aquitaine Region.<\/li>\n<li><a href=\"https:\/\/cas.aquitaine.fr\/cas\/login?service=http%3A%2F%2Faquitaide.aquitaine.fr%2FcraPortailFO%2Fexterne%2FcreationDossier.do%3FcodeDispositif%3DMI_VOLET2%26csrft%3D81Dd5YrdrXZBhGONpeiRSLnyM6yzQEIytTFIByqPizKpsMYLgi\" target=\"_blank\" rel=\"noopener\">Create an account<\/a> and apply for financial assistance.<\/li>\n<\/ul>\n<h3>Step 2:<\/h3>\n<p>Upload the following documents to the profile created on the Region&#8217;s website then request the host establishment complete the application.<\/p>\n<ul>\n<li>CV<\/li>\n<li>Bank account details<\/li>\n<li>Copy of Identity card or resident permit for international students<\/li>\n<li>Certificate attesting the award of a means-tested allowance<\/li>\n<li>A copy of the internship contract signed by the 3 parties (student, host establishment, university department)<\/li>\n<li>Tax assessment notice ( <strong>on the N-2 revenues<\/strong>)<\/li>\n<li>Disability card (if applicable )<\/li>\n<\/ul>\n<h3>Step 3 : After internship<\/h3>\n<p>Upload the Certificate of Attendance (dated and signed, specifying the actual dates of the beginning and end of the internship) on the platform of the Region to collect the balance of the scholarship.<\/p>\n<p>For further information, contact the Region:<br \/>\nemail : <a href=\"mailto:mobilities@nouvelle-aquitaine.fr\">mobilities@nouvelle-aquitaine.fr<\/a><br \/>\nPhone : 05.49. 38.49.38[\/vc_column_text][\/vc_column][\/vc_row][vc_row][vc_column][vc_column_text]<\/p>\n<h2>Erasmus<\/h2>\n<p>Period : 2 to 12 months<\/p>\n<p>Beneficiary : Students who are citizens of the participating countries or enrolled in an educational institution located in one of the participating countries of Erasmus+.<\/p>\n<p>Modalities :<\/p>\n<ul>\n<li>Selected by your university\/institution<\/li>\n<li>Internship undertaken during your degree course in a Europeancompany<\/li>\n<li>An Erasmus-internship scholarship cannot be combined with a Regional Discovery Scholarship for the same internship.<\/li>\n<li>Applications from international students for an internship in their country of origin will be refused.<\/li>\n<\/ul>\n<p>Destinations :<\/p>\n<p>Group 1 : Denmark, Ireland, Finland, Sweden, United-Kingdom, Liechtenstein, Norway, Iceland, Luxemburg.<\/p>\n<p>Group 2 : Macedonia, Malta, Poland, Portugal, Slovakia, Slovenia, Netherlands, Romania, Czech Republic,Turkey, Germany, Austria, Belgium, Bulgaria, Cyprus, Croatia, Spain, Estonia, Greece, Hungary, Italy, Latvia, Lithuania.<\/p>\n<p>Payment Method : 80% at the beginning of the internship, 20% after the internship.<\/p>\n<p>Allowance : 450\u20ac per month for countries of group 1,400\u20ac per month for the countries of group 2 (30 days)<\/p>\n<p>Calculation : 1 month = 30 days; If the month is not finished: (450\u20ac or 400\u20ac\/30) x number of the internship days during the month.[\/vc_column_text][\/vc_column][\/vc_row][vc_row][vc_column][vc_column_text]<\/p>\n<h3>Step 1 : At least one month before the beginning of the internship<\/h3>\n<p>Consult the application requirements on the Nouvelle-Aquitaine website.<\/p>\n<h3>Step 2 : Before leaving<\/h3>\n<ul>\n<li>Download and fill in all the registration forms at the bottom of <a href=\"https:\/\/les-aides.nouvelle-aquitaine.fr\" target=\"_blank\" rel=\"noopener\">the page on the Nouvelle-Aquitaine website<\/a> \u2013 Section \u201cDocuments \u00e0 t\u00e9l\u00e9charger\u201d<\/li>\n<li>Take the \u201ccontrat p\u00e9dagogique avant la mobilit\u00e9\u201d (teaching contract prior to internship) duly signed by the host company to the International Office for the final signature<\/li>\n<li>The International Office registers you for the OLS mandatory language test via the Mobility Tool app (for information only)<\/li>\n<li>Before you leave the International Office will send you by email the internship agreement and an official certificate of approval<\/li>\n<li>Apply on<a href=\"https:\/\/cas.aquitaine.fr\/cas\/login?service=http%3A%2F%2Faquitaide.aquitaine.fr%2FcraPortailFO%2Fexterne%2FcreationDossier.do%3FcodeDispositif%3DMI_VOLET2%26csrft%3D81Dd5YrdrXZBhGONpeiRSLnyM6yzQEIytTFIByqPizKpsMYLgi\" target=\"_blank\" rel=\"noopener\"> the platform<\/a> and deposit these documents and <a href=\"https:\/\/les-aides.nouvelle-aquitaine.fr\/sites\/default\/files\/2018-11\/Pi\u00e8ces%20justificatives%20volet%205%20GDA.pdf\" target=\"_blank\" rel=\"noopener\">the supporting documents<\/a> on your profile<\/li>\n<\/ul>\n<h3>Step 3 : After the internship<\/h3>\n<ul>\n<li>Deposit the \u201ccontrat p\u00e9dagogique apr\u00e8s la mobilit\u00e9\u201d on the Region Nouvelle-Aquitaine website to collect the balance of your allowance.<\/li>\n<li>Complete the report at the end of your internship via the Mobility Tool (sent by mail at the end of your internship) and pass the second OLS test.<\/li>\n<\/ul>\n<p>For more information, please contact the Nouvelle-Aquitaine Region:<\/p>\n<p>Phone : 05.49.60.28.28<\/p>\n<p>or by email : <a href=\"mailto:mobilities@nouvelle-aquitaine.fr\">mobilities@nouvelle-aquitaine.fr<\/a>[\/vc_column_text][\/vc_column][\/vc_row][vc_row][vc_column][vc_column_text]<\/p>\n<h2>Are there other organizations that can provide funding ?<\/h2>\n<p>The International Office advises you to make enquires to the local authorities: Conseils G\u00e9n\u00e9raux (Charente-Maritime, Charente, Vienne) and the municipal authorities.<\/p>\n<p>[\/vc_column_text][\/vc_column][\/vc_row]<\/p>\n<\/div>","protected":false},"excerpt":{"rendered":"<p>[vc_row][vc_column][vc_column_text]La Rochelle Universit\u00e9\u00a0helps students to finance their period of study abroad. A travel allowance is not given systematically and will not cover all of your expenses.[\/vc_column_text][\/vc_column][\/vc_row][vc_row][vc_column][vc_message]Note : It is the New Aquitaine region that manages your administrative files and the payment of your allowance.[\/vc_message][\/vc_column][\/vc_row][vc_row][vc_column][vc_column_text] Post-baccalaureate internship abroad(Europe and outside Europe) Period : 2 weeks minimum [&hellip;]<\/p>\n","protected":false},"author":69,"featured_media":3333,"parent":17282,"menu_order":2,"comment_status":"closed","ping_status":"closed","template":"","meta":{"_acf_changed":false,"footnotes":""},"class_list":["post-17260","page","type-page","status-publish","has-post-thumbnail","hentry"],"acf":[],"_links":{"self":[{"href":"https:\/\/www.univ-larochelle.fr\/en\/wp-json\/wp\/v2\/pages\/17260","targetHints":{"allow":["GET"]}}],"collection":[{"href":"https:\/\/www.univ-larochelle.fr\/en\/wp-json\/wp\/v2\/pages"}],"about":[{"href":"https:\/\/www.univ-larochelle.fr\/en\/wp-json\/wp\/v2\/types\/page"}],"author":[{"embeddable":true,"href":"https:\/\/www.univ-larochelle.fr\/en\/wp-json\/wp\/v2\/users\/69"}],"replies":[{"embeddable":true,"href":"https:\/\/www.univ-larochelle.fr\/en\/wp-json\/wp\/v2\/comments?post=17260"}],"version-history":[{"count":0,"href":"https:\/\/www.univ-larochelle.fr\/en\/wp-json\/wp\/v2\/pages\/17260\/revisions"}],"up":[{"embeddable":true,"href":"https:\/\/www.univ-larochelle.fr\/en\/wp-json\/wp\/v2\/pages\/17282"}],"wp:featuredmedia":[{"embeddable":true,"href":"https:\/\/www.univ-larochelle.fr\/en\/wp-json\/wp\/v2\/media\/3333"}],"wp:attachment":[{"href":"https:\/\/www.univ-larochelle.fr\/en\/wp-json\/wp\/v2\/media?parent=17260"}],"curies":[{"name":"wp","href":"https:\/\/api.w.org\/{rel}","templated":true}]}}