{"id":17421,"date":"2019-09-05T17:16:32","date_gmt":"2019-09-05T15:16:32","guid":{"rendered":"https:\/\/www.univ-larochelle.fr\/?page_id=17421"},"modified":"2026-01-22T15:40:49","modified_gmt":"2026-01-22T14:40:49","slug":"programmes","status":"publish","type":"page","link":"https:\/\/www.univ-larochelle.fr\/en\/international\/studying-at-la-rochelle-universite\/exchange-students\/programmes\/","title":{"rendered":"Programmes"},"content":{"rendered":"<h2>French as a foreign language<\/h2>\n<p><a href=\"https:\/\/www.univ-larochelle.fr\/en\/?page_id=17222\">The Institute of French as a Foreign Language (IUL-FLE) <\/a>\u00a0offers foreign students the opportunity to improve their level of French. Any student enrolled at La Rochelle Universit\u00e9 as part of an exchange program has free access to 6 hours of classes in French as a Foreign Language per week, giving them 6 ECTS credits per semester (<strong>provided that level A2 has already been achieved<\/strong>).<\/p>\n<p>&nbsp;<\/p>\n<h1>How to choose your classes?<\/h1>\n<p><strong>For classes from September to December, check the programmes of semesters 1, 3, 5<\/strong><\/p>\n<p><strong>For classes from January to May, check the programmes of semesters 2, 4, 6<\/strong><\/p>\n<p><strong>Please select classes from one programme as much as possible to avoid timetable clashes.<\/strong><\/p>\n<h3><\/h3>\n<h3><span style=\"color: #3366ff\"><strong><img loading=\"lazy\" decoding=\"async\" class=\"wp-image-77903 aligncenter\" src=\"https:\/\/www.univ-larochelle.fr\/wp-content\/uploads\/\/semesters--300x149.png\" alt=\"\" width=\"435\" height=\"216\" srcset=\"https:\/\/www.univ-larochelle.fr\/wp-content\/uploads\/semesters--300x149.png 300w, https:\/\/www.univ-larochelle.fr\/wp-content\/uploads\/semesters--1024x510.png 1024w, https:\/\/www.univ-larochelle.fr\/wp-content\/uploads\/semesters--768x382.png 768w, https:\/\/www.univ-larochelle.fr\/wp-content\/uploads\/semesters-.png 1244w\" sizes=\"auto, (max-width: 435px) 100vw, 435px\" \/><\/strong><\/span><\/h3>\n<h1><strong>List of Programmes<\/strong><\/h1>\n<h3><\/h3>\n<h3><span style=\"color: #3366ff\"><strong>Site Lettres, Langues, Arts et Sciences Humaines (LLASH)<\/strong><\/span><\/h3>\n<div class=\"parent d-flex ligne-impaire\">\n<div class=\"visuel\">\n<div class=\"parent d-flex ligne-impaire\">\n<div class=\"description w-100\">\n<div class=\"titre\"><a href=\"https:\/\/formations.univ-larochelle.fr\/licence-lea-anglais-chinois\">Licence Langues \u00e9trang\u00e8res appliqu\u00e9es parcours anglais-chinois<\/a><\/div>\n<div class=\"informations\">\n<div class=\"liste-resume-formation mt-2 mb-4\">\n<div class=\"row\">\n<div class=\"col\">\n<div class=\"parent d-flex ligne-paire\">\n<div class=\"description w-100\">\n<div class=\"titre\"><a href=\"https:\/\/formations.univ-larochelle.fr\/licence-lea-anglais-coreen\">Licence Langues \u00e9trang\u00e8res appliqu\u00e9es parcours anglais-cor\u00e9en<\/a><\/div>\n<\/div>\n<\/div>\n<\/div>\n<\/div>\n<\/div>\n<div class=\"liste-resume-formation mt-2 mb-4\">\n<div class=\"row\">\n<div class=\"col\">\n<div class=\"parent d-flex ligne-impaire\">\n<div class=\"description w-100\">\n<div class=\"titre\"><a href=\"https:\/\/formations.univ-larochelle.fr\/licence-lea-anglais-espagnol-portugais\">Licence Langues \u00e9trang\u00e8res appliqu\u00e9es parcours anglais-espagnol-portugais<\/a><\/div>\n<\/div>\n<\/div>\n<\/div>\n<\/div>\n<\/div>\n<div class=\"liste-resume-formation mt-2 mb-4\">\n<div class=\"row\">\n<div class=\"col\">\n<div class=\"parent d-flex ligne-paire\">\n<div class=\"description w-100\">\n<div class=\"titre\"><a href=\"https:\/\/formations.univ-larochelle.fr\/licence-lea-anglais-indonesien\">Licence Langues \u00e9trang\u00e8res appliqu\u00e9es parcours anglais-indon\u00e9sien<\/a><\/div>\n<\/div>\n<\/div>\n<\/div>\n<\/div>\n<\/div>\n<div class=\"liste-resume-formation mt-2 mb-4\">\n<div class=\"row\">\n<div class=\"col\">\n<div class=\"parent d-flex ligne-impaire\">\n<div class=\"description w-100\">\n<div class=\"titre\"><a href=\"https:\/\/formations.univ-larochelle.fr\/licence-lettres\">Licence Lettres<\/a><\/div>\n<\/div>\n<\/div>\n<\/div>\n<\/div>\n<\/div>\n<\/div>\n<\/div>\n<\/div>\n<\/div>\n<div class=\"description w-100\">\n<div class=\"informations\">\n<div class=\"liste-resume-formation mt-2 mb-4\">\n<div class=\"row\">\n<div class=\"col\">\n<div class=\"parent d-flex ligne-paire\">\n<div class=\"description w-100\">\n<div class=\"titre\"><a href=\"https:\/\/formations.univ-larochelle.fr\/licence-geographie-amenagement\">Licence G\u00e9ographie et am\u00e9nagement<\/a><\/div>\n<\/div>\n<\/div>\n<\/div>\n<\/div>\n<\/div>\n<div class=\"liste-resume-formation mt-2 mb-4\">\n<div class=\"row\">\n<div class=\"col\">\n<div class=\"parent d-flex ligne-impaire\">\n<div class=\"description w-100\">\n<div class=\"titre\"><a href=\"https:\/\/formations.univ-larochelle.fr\/licence-histoire\">Licence Histoire<\/a><\/div>\n<div class=\"informations\">\n<div class=\"liste-resume-formation mt-2 mb-4\">\n<div class=\"row\">\n<div class=\"col\">\n<div class=\"parent d-flex ligne-paire\">\n<div class=\"description w-100\">\n<div class=\"titre\"><a href=\"https:\/\/formations.univ-larochelle.fr\/master-culture-affaires-internationales-ameriques\">Master Langues \u00e9trang\u00e8res appliqu\u00e9es parcours Langues, cultures, affaires internationales &#8211; Am\u00e9riques<\/a><\/div>\n<\/div>\n<\/div>\n<\/div>\n<\/div>\n<\/div>\n<div class=\"liste-resume-formation mt-2 mb-4\">\n<div class=\"row\">\n<div class=\"col\">\n<div class=\"parent d-flex ligne-impaire\">\n<div class=\"description w-100\">\n<div class=\"titre\"><a href=\"https:\/\/formations.univ-larochelle.fr\/master-culture-affaires-internationales-asie-pacifique\">Master Langues \u00e9trang\u00e8res appliqu\u00e9es parcours Langues, cultures, affaires internationales &#8211; Asie-Pacifique<\/a><\/div>\n<\/div>\n<\/div>\n<\/div>\n<\/div>\n<\/div>\n<div class=\"liste-resume-formation mt-2 mb-4\">\n<div class=\"row\">\n<div class=\"col\">\n<div class=\"parent d-flex ligne-paire\">\n<div class=\"description w-100\">\n<div class=\"titre\"><a href=\"https:\/\/formations.univ-larochelle.fr\/master-economie-commerce-international-asie\">Master Management et commerce international parcours Economie et commerce international &#8211; Asie<\/a><\/div>\n<div class=\"informations\">\n<div class=\"liste-resume-formation mt-2 mb-4\">\n<div class=\"row\">\n<div class=\"col\">\n<div class=\"parent d-flex ligne-paire\">\n<div class=\"description w-100\">\n<div class=\"titre\"><a href=\"https:\/\/formations.univ-larochelle.fr\/master-developpement-culturel\">Master Histoire parcours Direction de projets ou \u00e9tablissements culturels<\/a><\/div>\n<\/div>\n<\/div>\n<\/div>\n<\/div>\n<\/div>\n<div class=\"liste-resume-formation mt-2 mb-4\">\n<div class=\"row\">\n<div class=\"col\">\n<div class=\"parent d-flex ligne-impaire\">\n<div class=\"description w-100\">\n<div class=\"titre\"><a href=\"https:\/\/formations.univ-larochelle.fr\/master-histoire\">Master Histoire parcours Histoire<\/a><\/div>\n<\/div>\n<\/div>\n<\/div>\n<\/div>\n<\/div>\n<div class=\"liste-resume-formation mt-2 mb-4\">\n<div class=\"row\">\n<div class=\"col\">\n<div class=\"parent d-flex ligne-paire\">\n<div class=\"description w-100\">\n<div class=\"titre\"><a href=\"https:\/\/formations.univ-larochelle.fr\/master-memoires-patrimoines-territoires\">Master Histoire parcours M\u00e9moires Patrimoines Territoires (MEPAT)<\/a><\/div>\n<\/div>\n<\/div>\n<\/div>\n<\/div>\n<\/div>\n<div class=\"liste-resume-formation mt-2 mb-4\">\n<div class=\"row\">\n<div class=\"col\">\n<div class=\"parent d-flex ligne-impaire\">\n<div class=\"description w-100\">\n<div class=\"titre\"><a href=\"https:\/\/formations.univ-larochelle.fr\/master-professorat-ecoles\">Master M\u00e9tiers de l&#8217;enseignement, de l&#8217;\u00e9ducation et de la formation, 1er degr\u00e9 parcours Professorat des \u00e9coles<\/a><\/div>\n<\/div>\n<\/div>\n<\/div>\n<\/div>\n<\/div>\n<div class=\"liste-resume-formation mt-2 mb-4\">\n<div class=\"row\">\n<div class=\"col\">\n<div class=\"parent d-flex ligne-paire\">\n<div class=\"description w-100\">\n<div class=\"titre\"><a href=\"https:\/\/formations.univ-larochelle.fr\/master-enseignement-histoire-geographie\">Master M\u00e9tiers de l&#8217;enseignement, de l&#8217;\u00e9ducation et de la formation, 2nd degr\u00e9 parcours Histoire-G\u00e9ographie<\/a><\/div>\n<\/div>\n<\/div>\n<\/div>\n<\/div>\n<\/div>\n<div class=\"liste-resume-formation mt-2 mb-4\">\n<div class=\"row\">\n<div class=\"col\">\n<div class=\"parent d-flex ligne-impaire\">\n<div class=\"description w-100\">\n<div class=\"titre\"><a href=\"https:\/\/formations.univ-larochelle.fr\/master-geographie-littoraux\">Master Sciences pour l&#8217;environnement parcours G\u00e9ographie appliqu\u00e9e \u00e0 la gestion des littoraux<\/a><\/div>\n<\/div>\n<\/div>\n<\/div>\n<\/div>\n<\/div>\n<div class=\"liste-resume-formation mt-2 mb-4\">\n<div class=\"row\">\n<div class=\"col\">\n<div class=\"parent d-flex ligne-paire\">\n<div class=\"description w-100\">\n<div class=\"titre\"><a href=\"https:\/\/formations.univ-larochelle.fr\/master-e-tourisme\">Master Tourisme parcours e-tourisme et ing\u00e9nierie culturelle des patrimoines<\/a><\/div>\n<\/div>\n<\/div>\n<\/div>\n<\/div>\n<\/div>\n<div><\/div>\n<\/div>\n<\/div>\n<\/div>\n<\/div>\n<\/div>\n<\/div>\n<\/div>\n<\/div>\n<\/div>\n<\/div>\n<\/div>\n<\/div>\n<\/div>\n<\/div>\n<\/div>\n<h3><strong><span style=\"color: #3366ff\">Site Droit\/IAE<\/span><\/strong><\/h3>\n<div class=\"liste-resume-formation mt-2 mb-4\">\n<div class=\"row\">\n<div class=\"col\">\n<div class=\"parent d-flex ligne-paire\">\n<div class=\"description w-100\">\n<div class=\"titre\"><a href=\"https:\/\/formations.univ-larochelle.fr\/licence-droit\">Licence Droit<\/a><\/div>\n<\/div>\n<\/div>\n<\/div>\n<\/div>\n<\/div>\n<div class=\"liste-resume-formation mt-2 mb-4\">\n<div class=\"row\">\n<div class=\"col\">\n<div class=\"parent d-flex ligne-impaire\">\n<div class=\"description w-100\">\n<div class=\"titre\"><a href=\"https:\/\/formations.univ-larochelle.fr\/licence-gestion\">Licence Gestion<\/a><\/div>\n<\/div>\n<\/div>\n<\/div>\n<\/div>\n<\/div>\n<div class=\"liste-resume-formation mt-2 mb-4\">\n<div class=\"row\">\n<div class=\"col\">\n<div class=\"parent d-flex ligne-impaire\">\n<div class=\"description w-100\">\n<div class=\"titre\"><a href=\"https:\/\/formations.univ-larochelle.fr\/master-droit-entreprise\">Master Droit de l&#8217;entreprise<\/a><\/div>\n<\/div>\n<\/div>\n<\/div>\n<\/div>\n<\/div>\n<div class=\"liste-resume-formation mt-2 mb-4\">\n<div class=\"row\">\n<div class=\"col\">\n<div class=\"parent d-flex ligne-paire\">\n<div class=\"description w-100\">\n<div class=\"titre\"><a href=\"https:\/\/formations.univ-larochelle.fr\/master-droit-assurances\">Master Droit des assurances<\/a><\/div>\n<\/div>\n<\/div>\n<\/div>\n<\/div>\n<\/div>\n<div class=\"liste-resume-formation mt-2 mb-4\">\n<div class=\"row\">\n<div class=\"col\">\n<div class=\"description w-100\">\n<div class=\"parent d-flex ligne-impaire\">\n<div class=\"description w-100\">\n<div class=\"titre\"><a href=\"https:\/\/formations.univ-larochelle.fr\/master-securite-numerique\">Master Droit du num\u00e9rique parcours Tiers de confiance et s\u00e9curit\u00e9 num\u00e9rique<\/a><\/div>\n<\/div>\n<\/div>\n<\/div>\n<\/div>\n<\/div>\n<\/div>\n<div class=\"liste-resume-formation mt-2 mb-4\">\n<div class=\"row\">\n<div class=\"col\">\n<div class=\"parent d-flex ligne-paire\">\n<div class=\"description w-100\">\n<div class=\"titre\"><a href=\"https:\/\/formations.univ-larochelle.fr\/master-collectivites-territoriales-environnement-et-littoral\">Master Droit public parcours Collectivit\u00e9s territoriales, environnement et littoral<\/a><\/div>\n<\/div>\n<\/div>\n<\/div>\n<\/div>\n<\/div>\n<div class=\"liste-resume-formation mt-2 mb-4\">\n<div class=\"row\">\n<div class=\"col\">\n<div class=\"parent d-flex ligne-impaire\">\n<div class=\"description w-100\">\n<div class=\"titre\"><a href=\"https:\/\/formations.univ-larochelle.fr\/master-droit-processuel\">Master Justice, proc\u00e8s et proc\u00e9dures parcours Droit processuel<\/a><\/div>\n<\/div>\n<\/div>\n<\/div>\n<\/div>\n<\/div>\n<div class=\"liste-resume-formation mt-2 mb-4\">\n<div class=\"row\">\n<div class=\"col\">\n<div class=\"parent d-flex ligne-paire\">\n<div class=\"description w-100\">\n<div class=\"titre\"><a href=\"https:\/\/formations.univ-larochelle.fr\/master-conseil-management-systemes-information\">Master Management des syst\u00e8mes d&#8217;information parcours Conseil en management des syst\u00e8mes d&#8217;information<\/a><\/div>\n<\/div>\n<\/div>\n<\/div>\n<\/div>\n<\/div>\n<div class=\"liste-resume-formation mt-2 mb-4\">\n<div class=\"row\">\n<div class=\"col\">\n<div class=\"parent d-flex ligne-impaire\">\n<div class=\"description w-100\">\n<div class=\"titre\"><a href=\"https:\/\/formations.univ-larochelle.fr\/master-management-administration-entreprises\">Master Management et administration des entreprises<\/a><\/div>\n<\/div>\n<\/div>\n<\/div>\n<\/div>\n<\/div>\n<div class=\"liste-resume-formation mt-2 mb-4\">\n<div class=\"row\">\n<div class=\"col\">\n<div class=\"parent d-flex ligne-impaire\">\n<div class=\"description w-100\">\n<div class=\"titre\"><a href=\"https:\/\/formations.univ-larochelle.fr\/master-marketing-digital\">Master Marketing, vente parcours Marketing digital<\/a><\/div>\n<\/div>\n<\/div>\n<\/div>\n<\/div>\n<\/div>\n<div class=\"liste-resume-formation mt-2 mb-4\">\n<div class=\"row\">\n<div class=\"col\">\n<div class=\"parent d-flex ligne-paire\">\n<div class=\"description w-100\">\n<div class=\"titre\"><a href=\"https:\/\/formations.univ-larochelle.fr\/master-management-environnemental\">Master Sciences pour l&#8217;environnement parcours Management environnemental<\/a><\/div>\n<\/div>\n<\/div>\n<\/div>\n<\/div>\n<\/div>\n<div class=\"liste-resume-formation mt-2 mb-4\">\n<div class=\"row\">\n<div class=\"col\">\n<div class=\"parent d-flex ligne-impaire\">\n<div class=\"description w-100\">\n<div class=\"titre\"><a href=\"https:\/\/formations.univ-larochelle.fr\/master-gestion-hebergements-sejours-touristiques\">Master Tourisme parcours Gestion des Unit\u00e9s d&#8217;h\u00e9bergements et s\u00e9jours touristiques &#8211; GUEST<\/a><\/div>\n<\/div>\n<\/div>\n<\/div>\n<\/div>\n<\/div>\n<h3><span style=\"color: #3366ff\"><strong>Site Sciences<\/strong><\/span><\/h3>\n<div class=\"liste-resume-formation mt-2 mb-4\">\n<div class=\"row\">\n<div class=\"col\">\n<div class=\"parent d-flex ligne-paire\">\n<div class=\"description w-100\">\n<div class=\"titre\"><a href=\"https:\/\/formations.univ-larochelle.fr\/licence-sciences-vie-parcours-acces-sante\">Licence 1 &#8211; Portail Sciences de la vie &#8211; Acc\u00e8s Sant\u00e9 (LAS)<\/a><\/div>\n<\/div>\n<\/div>\n<\/div>\n<\/div>\n<\/div>\n<div class=\"liste-resume-formation mt-2 mb-4\">\n<div class=\"row\">\n<div class=\"col\">\n<div class=\"parent d-flex ligne-impaire\">\n<div class=\"description w-100\">\n<div class=\"titre\"><a href=\"https:\/\/formations.univ-larochelle.fr\/licence-sciences-sante-parcours-acces-sante\">Licence 1 &#8211; Portail Sciences pour la sant\u00e9 &#8211; Acc\u00e8s Sant\u00e9 (LAS)<\/a><\/div>\n<\/div>\n<\/div>\n<\/div>\n<\/div>\n<\/div>\n<div class=\"liste-resume-formation mt-2 mb-4\">\n<div class=\"row\">\n<div class=\"col\">\n<div class=\"parent d-flex ligne-paire\">\n<div class=\"description w-100\">\n<div class=\"titre\"><a href=\"https:\/\/formations.univ-larochelle.fr\/licence-genie-civil\">Licence G\u00e9nie civil<\/a><\/div>\n<\/div>\n<\/div>\n<\/div>\n<\/div>\n<\/div>\n<div class=\"liste-resume-formation mt-2 mb-4\">\n<div class=\"row\">\n<div class=\"col\">\n<div class=\"parent d-flex ligne-impaire\">\n<div class=\"description w-100\">\n<div class=\"titre\"><a href=\"https:\/\/formations.univ-larochelle.fr\/licence-informatique\">Licence Informatique<\/a><\/div>\n<\/div>\n<\/div>\n<\/div>\n<\/div>\n<\/div>\n<div class=\"liste-resume-formation mt-2 mb-4\">\n<div class=\"row\">\n<div class=\"col\">\n<div class=\"parent d-flex ligne-paire\">\n<div class=\"description w-100\">\n<div class=\"titre\"><a href=\"https:\/\/formations.univ-larochelle.fr\/licence-mathematiques\">Licence Math\u00e9matiques<\/a><\/div>\n<\/div>\n<\/div>\n<\/div>\n<\/div>\n<\/div>\n<div class=\"liste-resume-formation mt-2 mb-4\">\n<div class=\"row\">\n<div class=\"col\">\n<div class=\"parent d-flex ligne-impaire\">\n<div class=\"description w-100\">\n<div class=\"titre\"><a href=\"https:\/\/formations.univ-larochelle.fr\/licence-physique-chimie\">Licence Physique, chimie<\/a><\/div>\n<\/div>\n<\/div>\n<\/div>\n<\/div>\n<\/div>\n<div class=\"liste-resume-formation mt-2 mb-4\">\n<div class=\"row\">\n<div class=\"col\">\n<div class=\"parent d-flex ligne-paire\">\n<div class=\"description w-100\">\n<div class=\"titre\"><a href=\"https:\/\/formations.univ-larochelle.fr\/licence-sciences-terre\">Licence Sciences de la Terre<\/a><\/div>\n<\/div>\n<\/div>\n<\/div>\n<\/div>\n<\/div>\n<div class=\"liste-resume-formation mt-2 mb-4\">\n<div class=\"row\">\n<div class=\"col\">\n<div class=\"parent d-flex ligne-impaire\">\n<div class=\"description w-100\">\n<div class=\"titre\"><a href=\"https:\/\/formations.univ-larochelle.fr\/licence-sciences-vie\">Licence Sciences de la vie<\/a><\/div>\n<\/div>\n<\/div>\n<\/div>\n<\/div>\n<\/div>\n<div class=\"liste-resume-formation mt-2 mb-4\">\n<div class=\"row\">\n<div class=\"col\">\n<div class=\"parent d-flex ligne-paire\">\n<div class=\"description w-100\">\n<div class=\"titre\"><a href=\"https:\/\/formations.univ-larochelle.fr\/licence-sciences-sante\">Licence Sciences pour la sant\u00e9<\/a><\/div>\n<div class=\"informations\">\n<div class=\"liste-resume-formation mt-2 mb-4\">\n<div class=\"row\">\n<div class=\"col\">\n<div class=\"parent d-flex ligne-paire\">\n<div class=\"description w-100\">\n<div class=\"titre\"><a href=\"https:\/\/formations.univ-larochelle.fr\/master-biochimie\">Master Biotechnologies parcours Biochimie<\/a><\/div>\n<\/div>\n<\/div>\n<\/div>\n<\/div>\n<\/div>\n<div class=\"liste-resume-formation mt-2 mb-4\">\n<div class=\"row\">\n<div class=\"col\">\n<div class=\"parent d-flex ligne-impaire\">\n<div class=\"description w-100\">\n<div class=\"titre\"><a href=\"https:\/\/formations.univ-larochelle.fr\/master-genie-bio-agro-industries\">Master Biotechnologies parcours G\u00e9nie biotechnologique et management en agro-industries<\/a><\/div>\n<\/div>\n<\/div>\n<\/div>\n<\/div>\n<\/div>\n<div class=\"liste-resume-formation mt-2 mb-4\">\n<div class=\"row\">\n<div class=\"col\">\n<div class=\"parent d-flex ligne-paire\">\n<div class=\"description w-100\">\n<div class=\"titre\"><a href=\"https:\/\/formations.univ-larochelle.fr\/master-construction-batiment-energies-renouvelables\">Master G\u00e9nie civil parcours Ing\u00e9nierie du b\u00e2timent\u00a0: gestion et int\u00e9gration de l&#8217;efficacit\u00e9 \u00e9nerg\u00e9tique et des \u00e9nergies renouvelables &#8220;IB-GI3ER&#8221;<\/a><\/div>\n<\/div>\n<\/div>\n<\/div>\n<\/div>\n<\/div>\n<div class=\"liste-resume-formation mt-2 mb-4\">\n<div class=\"row\">\n<div class=\"col\">\n<div class=\"parent d-flex ligne-impaire\">\n<div class=\"description w-100\">\n<div class=\"titre\"><a href=\"https:\/\/formations.univ-larochelle.fr\/master-batiment-construction-rehabilitation\">Master G\u00e9nie civil parcours Ing\u00e9nierie du b\u00e2timent\u00a0: techniques nouvelles pour la construction et la r\u00e9habilitation &#8220;IB-TNCR&#8221;<\/a><\/div>\n<\/div>\n<\/div>\n<\/div>\n<\/div>\n<\/div>\n<div class=\"liste-resume-formation mt-2 mb-4\">\n<div class=\"row\">\n<div class=\"col\">\n<div class=\"parent d-flex ligne-paire\">\n<div class=\"description w-100\">\n<div class=\"titre\"><a href=\"https:\/\/formations.univ-larochelle.fr\/master-norisk\">Master G\u00e9nie civil parcours International Masters in Risk Assessment and Management of Civil Infrastructures &#8220;NORISK&#8221;<\/a><\/div>\n<\/div>\n<\/div>\n<\/div>\n<\/div>\n<\/div>\n<div class=\"liste-resume-formation mt-2 mb-4\">\n<div class=\"row\">\n<div class=\"col\">\n<div class=\"parent d-flex ligne-paire\">\n<div class=\"description w-100\">\n<div class=\"titre\"><a href=\"https:\/\/formations.univ-larochelle.fr\/master-informatique-architecte-logiciel\">Master Informatique parcours Architecte logiciel<\/a><\/div>\n<\/div>\n<\/div>\n<\/div>\n<\/div>\n<\/div>\n<div class=\"liste-resume-formation mt-2 mb-4\">\n<div class=\"row\">\n<div class=\"col\">\n<div class=\"parent d-flex ligne-impaire\">\n<div class=\"description w-100\">\n<div class=\"titre\"><a href=\"https:\/\/formations.univ-larochelle.fr\/master-informatique-ingenierie-donnees\">Master Informatique parcours Ing\u00e9nierie des donn\u00e9es<\/a><\/div>\n<\/div>\n<\/div>\n<\/div>\n<\/div>\n<\/div>\n<div class=\"liste-resume-formation mt-2 mb-4\">\n<div class=\"row\">\n<div class=\"col\">\n<div class=\"parent d-flex ligne-paire\">\n<div class=\"description w-100\">\n<div class=\"titre\"><a href=\"https:\/\/formations.univ-larochelle.fr\/master-mathematiques-et-interactions-mix\">Master Math\u00e9matiques et applications parcours Math\u00e9matiques et interactions, MIX<\/a><\/div>\n<\/div>\n<\/div>\n<\/div>\n<\/div>\n<\/div>\n<div class=\"liste-resume-formation mt-2 mb-4\">\n<div class=\"row\">\n<div class=\"col\">\n<div class=\"parent d-flex ligne-impaire\">\n<div class=\"description w-100\">\n<div class=\"titre\"><a href=\"https:\/\/formations.univ-larochelle.fr\/master-enseignement-mathematiques\">Master M\u00e9tiers de l&#8217;enseignement, de l&#8217;\u00e9ducation et de la formation, 2nd degr\u00e9 parcours Math\u00e9matiques<\/a><\/div>\n<\/div>\n<\/div>\n<\/div>\n<\/div>\n<\/div>\n<div class=\"liste-resume-formation mt-2 mb-4\">\n<div class=\"row\">\n<div class=\"col\">\n<div class=\"parent d-flex ligne-paire\">\n<div class=\"description w-100\">\n<div class=\"titre\"><a href=\"https:\/\/formations.univ-larochelle.fr\/master-enseignement-sciences-vie-terre\">Master M\u00e9tiers de l&#8217;enseignement, de l&#8217;\u00e9ducation et de la formation, 2nd degr\u00e9 parcours Sciences de la vie et de la Terre<\/a><\/div>\n<\/div>\n<\/div>\n<\/div>\n<\/div>\n<\/div>\n<div class=\"liste-resume-formation mt-2 mb-4\">\n<div class=\"row\">\n<div class=\"col\">\n<div class=\"parent d-flex ligne-impaire\">\n<div class=\"description w-100\">\n<div class=\"titre\"><a href=\"https:\/\/formations.univ-larochelle.fr\/master-durabilite-materiaux-structures\">Master Sciences et g\u00e9nie des mat\u00e9riaux parcours Durabilit\u00e9 des mat\u00e9riaux et des structures<\/a><\/div>\n<\/div>\n<\/div>\n<\/div>\n<\/div>\n<\/div>\n<div class=\"liste-resume-formation mt-2 mb-4\">\n<div class=\"row\">\n<div class=\"col\">\n<div class=\"parent d-flex ligne-paire\">\n<div class=\"description w-100\">\n<div class=\"titre\"><a href=\"https:\/\/formations.univ-larochelle.fr\/master-materiaux-energies-renouvelables\">Master Sciences et g\u00e9nie des mat\u00e9riaux parcours Mat\u00e9riaux pour les \u00e9nergies renouvelables (MatER)<\/a><\/div>\n<\/div>\n<\/div>\n<\/div>\n<\/div>\n<\/div>\n<div class=\"liste-resume-formation mt-2 mb-4\">\n<div class=\"row\">\n<div class=\"col\">\n<div class=\"parent d-flex ligne-impaire\">\n<div class=\"description w-100\">\n<div class=\"titre\"><a href=\"https:\/\/formations.univ-larochelle.fr\/master-geosciences-geophysique-littoral\">Master Sciences pour l&#8217;environnement parcours G\u00e9osciences et g\u00e9ophysique du littoral<\/a><\/div>\n<\/div>\n<\/div>\n<\/div>\n<\/div>\n<\/div>\n<div class=\"liste-resume-formation mt-2 mb-4\">\n<div class=\"row\">\n<div class=\"col\">\n<div class=\"parent d-flex ligne-paire\">\n<div class=\"description w-100\">\n<div class=\"titre\"><a href=\"https:\/\/formations.univ-larochelle.fr\/master-environnement-ecologie-littorale\">Master Sciences pour l&#8217;environnement parcours Gestion de l&#8217;environnement et \u00e9cologie littorale<\/a><\/div>\n<\/div>\n<\/div>\n<\/div>\n<\/div>\n<\/div>\n<\/div>\n<\/div>\n<\/div>\n<\/div>\n<\/div>\n<\/div>\n<div class=\"parent d-flex ligne-impaire\">\n<div class=\"description w-100\">\n<div class=\"titre\"><a href=\"https:\/\/formations.univ-larochelle.fr\/master-jmpmb\">Joint Master Programme in Marine Biotechnology<\/a><\/div>\n<div class=\"informations\"><\/div>\n<\/div>\n<\/div>\n<h3>Masters : semestres entiers en anglais<\/h3>\n<p><a href=\"https:\/\/www.univ-larochelle.fr\/wp-content\/uploads\/Ecology-Super-presentation-entrant-3.pdf\">Domaine \u00e9cologie littorale et gestion de l&#8217;environnement<\/a><\/p>\n<p><a href=\"https:\/\/www.univ-larochelle.fr\/wp-content\/uploads\/Geosciences-Super-presentation-entrant-2.pdf\">Domaine g\u00e9osciences et g\u00e9ophysique du littoral<\/a><\/p>\n<p><a href=\"https:\/\/www.univ-larochelle.fr\/wp-content\/uploads\/SGM-Super-presentation-entrant-3.pdf\">Domaine mat\u00e9riaux pour les \u00e9nergies renouvelables<\/a><\/p>\n<p><a href=\"https:\/\/www.univ-larochelle.fr\/wp-content\/uploads\/Math-Super-presentation-entrant-3.pdf\">Domaine math\u00e9matiques et applications\/intelligence artificielle<\/a><\/p>\n<h3>Teaching language<\/h3>\n<p>Classes offered at La Rochelle Universit\u00e9 are mainly taught in French.<\/p>\n","protected":false},"excerpt":{"rendered":"<p>French as a foreign language The Institute of French as a Foreign Language (IUL-FLE) \u00a0offers foreign students the opportunity to improve their level of French. Any student enrolled at La Rochelle Universit\u00e9 as part of an exchange program has free access to 6 hours of classes in French as a Foreign Language per week, giving [&hellip;]<\/p>\n","protected":false},"author":69,"featured_media":2748,"parent":17412,"menu_order":1,"comment_status":"closed","ping_status":"closed","template":"","meta":{"_acf_changed":false,"footnotes":""},"class_list":["post-17421","page","type-page","status-publish","has-post-thumbnail","hentry"],"acf":[],"_links":{"self":[{"href":"https:\/\/www.univ-larochelle.fr\/en\/wp-json\/wp\/v2\/pages\/17421","targetHints":{"allow":["GET"]}}],"collection":[{"href":"https:\/\/www.univ-larochelle.fr\/en\/wp-json\/wp\/v2\/pages"}],"about":[{"href":"https:\/\/www.univ-larochelle.fr\/en\/wp-json\/wp\/v2\/types\/page"}],"author":[{"embeddable":true,"href":"https:\/\/www.univ-larochelle.fr\/en\/wp-json\/wp\/v2\/users\/69"}],"replies":[{"embeddable":true,"href":"https:\/\/www.univ-larochelle.fr\/en\/wp-json\/wp\/v2\/comments?post=17421"}],"version-history":[{"count":0,"href":"https:\/\/www.univ-larochelle.fr\/en\/wp-json\/wp\/v2\/pages\/17421\/revisions"}],"up":[{"embeddable":true,"href":"https:\/\/www.univ-larochelle.fr\/en\/wp-json\/wp\/v2\/pages\/17412"}],"wp:featuredmedia":[{"embeddable":true,"href":"https:\/\/www.univ-larochelle.fr\/en\/wp-json\/wp\/v2\/media\/2748"}],"wp:attachment":[{"href":"https:\/\/www.univ-larochelle.fr\/en\/wp-json\/wp\/v2\/media?parent=17421"}],"curies":[{"name":"wp","href":"https:\/\/api.w.org\/{rel}","templated":true}]}}