{"id":17821,"date":"2019-09-05T17:11:23","date_gmt":"2019-09-05T15:11:23","guid":{"rendered":"https:\/\/www.univ-larochelle.fr\/?page_id=17821"},"modified":"2025-07-16T11:07:30","modified_gmt":"2025-07-16T09:07:30","slug":"history-of-la-rochelle-universite","status":"publish","type":"page","link":"https:\/\/www.univ-larochelle.fr\/en\/university\/discover-the-university\/history-of-la-rochelle-universite\/","title":{"rendered":"History of La Rochelle Universit\u00e9"},"content":{"rendered":"<h2>THE HISTORY OF THE CREATION OF LA ROCHELLE UNIVERSIT\u00c9<\/h2>\n<h3>1968:<\/h3>\n<p>Decree n\u00b068-483 of the 27 May 1968 established <a href=\"http:\/\/www.iut-larochelle.fr\" target=\"_blank\" rel=\"noopener\">the University Technological Institute of La Rochelle (IUT).<\/a><\/p>\n<h3>1974:<\/h3>\n<p>Opening of a branch of the Poitiers Faculty of Law (undergraduate).<\/p>\n<h3>80 \u2019s:<\/h3>\n<p>years of strong political commitment to the development of training facilities in La Rochelle.<\/p>\n<h3>80\u2019s-90\u2019s:<\/h3>\n<p>The modernisation plans of French universities: an opportunity for La Rochelle to become a university town.<\/p>\n<h3>November 1990:<\/h3>\n<p>Publication of a Regional Plan for the planning and development of higher education (Education Officer) concluding that it was necessary to create a second university in Poitou-Charentes.<\/p>\n<h3>1991:<\/h3>\n<p>The Comit\u00e9 Interminist\u00e9riel d&#8217;Am\u00e9nagement du Territoire votes in favour of the creation of La Rochelle Universit\u00e9.<\/p>\n<h3>12 January 1992:<\/h3>\n<p>Bernard Bobe was commissioned by the French Ministry of Education to set up La Rochelle Universit\u00e9. He was joined by Francis Allard for research, Jean-Claude Mercier for training and education and Fran\u00e7ois Letellier for university life.<\/p>\n<h3>22 May 1992:<\/h3>\n<p>First stone laying ceremony in the presence of Fran\u00e7ois Mitterrand (President of the French Republic), Helmut Kohl (Chancellor of the Federal Republic of Germany), Michel Cr\u00e9peau (Deputy and Mayor of La Rochelle), Fran\u00e7ois Blaizot (President of the Charente-Maritime Departmental Council) and Jean-Pierre Raffarin (President of the Poitou-Charentes Regional Council).<\/p>\n<h2>Growth and Consolidation<\/h2>\n<h3>20 January 1993:<\/h3>\n<p>Decree establishing La Rochelle Universit\u00e9.<\/p>\n<h3>25 June 1993:<\/h3>\n<p>Order appointing Yves Pimont as provisional administrator of La Rochelle Universit\u00e9. From 1993 to May 1998, La Rochelle Universit\u00e9 operated under a derogation to the 1984 law.<\/p>\n<h3>First semester 1998:<\/h3>\n<p>The boards elected the University\u2019s first President: Christian Eskenazi.<\/p>\n<h3>September 1998:<\/h3>\n<p>La Rochelle Universit\u00e9 became a legally recognised university.<\/p>\n<h3>May 2003:<\/h3>\n<p>The boards elected the University\u2019s second President: Michel Pouyllau.<\/p>\n<h3>21 April 2008:<\/h3>\n<p>The Board of Trustees elected the University\u2019s third President: G\u00e9rard Blanchard.<\/p>\n<h3>1<sup>st<\/sup>January 2009:<\/h3>\n<p>The university took on the extended responsibilities and competencies provided for in the law on Liberties and Responsibilities of Universities of 10 August 2007.<\/p>\n<h3>16 April 2012:<\/h3>\n<p>The Board of Trustees re-elected G\u00e9rard Blanchard as President of the University.<\/p>\n<h3>16 February 2016:<\/h3>\n<p>Mathias Tranchant was appointed as provisional administrator until the election of the new President of the University on 25 April 2016.<\/p>\n<h3>April 2016:<\/h3>\n<p>Jean-Marc Ogier elected fourth President of the University<\/p>\n<h3>January 2021:<\/h3>\n<p>The Board of Trustees re-elected Jean-Marc Ogier as President of the University.<\/p>\n<h3>January 2025:<\/h3>\n<p>The Board of Trustees elected G\u00e9rard Blanchard as President of the University.<\/p>\n","protected":false},"excerpt":{"rendered":"<p>THE HISTORY OF THE CREATION OF LA ROCHELLE UNIVERSIT\u00c9 1968: Decree n\u00b068-483 of the 27 May 1968 established the University Technological Institute of La Rochelle (IUT). 1974: Opening of a branch of the Poitiers Faculty of Law (undergraduate). 80 \u2019s: years of strong political commitment to the development of training facilities in La Rochelle. 80\u2019s-90\u2019s: [&hellip;]<\/p>\n","protected":false},"author":1,"featured_media":40561,"parent":18037,"menu_order":0,"comment_status":"closed","ping_status":"closed","template":"","meta":{"_acf_changed":false,"footnotes":""},"class_list":["post-17821","page","type-page","status-publish","has-post-thumbnail","hentry"],"acf":[],"_links":{"self":[{"href":"https:\/\/www.univ-larochelle.fr\/en\/wp-json\/wp\/v2\/pages\/17821","targetHints":{"allow":["GET"]}}],"collection":[{"href":"https:\/\/www.univ-larochelle.fr\/en\/wp-json\/wp\/v2\/pages"}],"about":[{"href":"https:\/\/www.univ-larochelle.fr\/en\/wp-json\/wp\/v2\/types\/page"}],"author":[{"embeddable":true,"href":"https:\/\/www.univ-larochelle.fr\/en\/wp-json\/wp\/v2\/users\/1"}],"replies":[{"embeddable":true,"href":"https:\/\/www.univ-larochelle.fr\/en\/wp-json\/wp\/v2\/comments?post=17821"}],"version-history":[{"count":0,"href":"https:\/\/www.univ-larochelle.fr\/en\/wp-json\/wp\/v2\/pages\/17821\/revisions"}],"up":[{"embeddable":true,"href":"https:\/\/www.univ-larochelle.fr\/en\/wp-json\/wp\/v2\/pages\/18037"}],"wp:featuredmedia":[{"embeddable":true,"href":"https:\/\/www.univ-larochelle.fr\/en\/wp-json\/wp\/v2\/media\/40561"}],"wp:attachment":[{"href":"https:\/\/www.univ-larochelle.fr\/en\/wp-json\/wp\/v2\/media?parent=17821"}],"curies":[{"name":"wp","href":"https:\/\/api.w.org\/{rel}","templated":true}]}}