{"id":18090,"date":"2019-09-05T17:13:25","date_gmt":"2019-09-05T15:13:25","guid":{"rendered":"https:\/\/www.univ-larochelle.fr\/?page_id=18090"},"modified":"2024-04-08T16:39:58","modified_gmt":"2024-04-08T14:39:58","slug":"our-syllabus","status":"publish","type":"page","link":"https:\/\/www.univ-larochelle.fr\/en\/training\/our-syllabus\/","title":{"rendered":"Our Syllabus"},"content":{"rendered":"<div class=\"wpb-content-wrapper\"><p>[vc_row][vc_column][vc_column_text]<\/p>\n<h2>Training Catalogue at La Rochelle Universit\u00e9<\/h2>\n<p>Find all <strong>training<\/strong> at La Rochelle University ou universit\u00e9\u00a0: bachelor\u00a0professional licence,master,DUT (Dipl\u00f4me Universitaire de Technologie) ,pr\u00e9paratory class, university degree (DU) , Dipl\u00f4me d\u2019acc\u00e8s aux \u00e9tudes (DAEU).[\/vc_column_text][\/vc_column][\/vc_row][vc_row][vc_column][vc_message icon_fontawesome=&#8221;fa fa-book&#8221;]<a href=\"https:\/\/formations.univ-larochelle.fr\/?lang=en\">Training catalogue<\/a> at La Rochelle Universit\u00e9.[\/vc_message][vc_column_text]<\/p>\n<h2>Discover the Minor\/major system at the University<\/h2>\n<p>This procedure allows you to <strong>customize your training<\/strong> programme according to your needs.[\/vc_column_text][vc_message icon_fontawesome=&#8221;fa fa-book&#8221;]<a href=\"https:\/\/www.univ-larochelle.fr\/en\/?page_id=17213\">Understand the minor\/major procedure<\/a>[\/vc_message][\/vc_column][\/vc_row][vc_row][vc_column][vc_column_text]<\/p>\n<h2>The Master Engineering<\/h2>\n<p>With <strong>the Master Engineering<\/strong> you can train in the engineering profession at the University! The CMI is a selective program lasting <strong>5 years.\u00a0<\/strong><\/p>\n<p>Apart from the specific lessons of this course, it allows <strong>to obtain a bachelor or a master.<\/strong><\/p>\n<p>Discover all <a href=\"https:\/\/formations.univ-larochelle.fr\/spip.php?page=recherche-cmi\">training available with the Master Engineering<\/a>[\/vc_column_text][vc_message icon_fontawesome=&#8221;fas fa-book&#8221;]<a href=\"https:\/\/www.univ-larochelle.fr\/en\/training\/our-syllabus\/master-course-of-engineering-cmi\/\">Discover the Master Engineering<\/a>[\/vc_message][\/vc_column][\/vc_row][vc_row][\/vc_row][vc_column_text][\/vc_column_text]<\/p>\n<\/div>","protected":false},"excerpt":{"rendered":"<p>[vc_row][vc_column][vc_column_text] Training Catalogue at La Rochelle Universit\u00e9 Find all training at La Rochelle University ou universit\u00e9\u00a0: bachelor\u00a0professional licence,master,DUT (Dipl\u00f4me Universitaire de Technologie) ,pr\u00e9paratory class, university degree (DU) , Dipl\u00f4me d\u2019acc\u00e8s aux \u00e9tudes (DAEU).[\/vc_column_text][\/vc_column][\/vc_row][vc_row][vc_column][vc_message icon_fontawesome=&#8221;fa fa-book&#8221;]Training catalogue at La Rochelle Universit\u00e9.[\/vc_message][vc_column_text] Discover the Minor\/major system at the University This procedure allows you to customize your training [&hellip;]<\/p>\n","protected":false},"author":1,"featured_media":18091,"parent":18044,"menu_order":0,"comment_status":"closed","ping_status":"closed","template":"page-templates\/intermediate-page.php","meta":{"_acf_changed":false,"footnotes":""},"class_list":["post-18090","page","type-page","status-publish","has-post-thumbnail","hentry"],"acf":[],"_links":{"self":[{"href":"https:\/\/www.univ-larochelle.fr\/en\/wp-json\/wp\/v2\/pages\/18090","targetHints":{"allow":["GET"]}}],"collection":[{"href":"https:\/\/www.univ-larochelle.fr\/en\/wp-json\/wp\/v2\/pages"}],"about":[{"href":"https:\/\/www.univ-larochelle.fr\/en\/wp-json\/wp\/v2\/types\/page"}],"author":[{"embeddable":true,"href":"https:\/\/www.univ-larochelle.fr\/en\/wp-json\/wp\/v2\/users\/1"}],"replies":[{"embeddable":true,"href":"https:\/\/www.univ-larochelle.fr\/en\/wp-json\/wp\/v2\/comments?post=18090"}],"version-history":[{"count":0,"href":"https:\/\/www.univ-larochelle.fr\/en\/wp-json\/wp\/v2\/pages\/18090\/revisions"}],"up":[{"embeddable":true,"href":"https:\/\/www.univ-larochelle.fr\/en\/wp-json\/wp\/v2\/pages\/18044"}],"wp:featuredmedia":[{"embeddable":true,"href":"https:\/\/www.univ-larochelle.fr\/en\/wp-json\/wp\/v2\/media\/18091"}],"wp:attachment":[{"href":"https:\/\/www.univ-larochelle.fr\/en\/wp-json\/wp\/v2\/media?parent=18090"}],"curies":[{"name":"wp","href":"https:\/\/api.w.org\/{rel}","templated":true}]}}