{"id":23540,"date":"2020-04-20T16:22:04","date_gmt":"2020-04-20T14:22:04","guid":{"rendered":"https:\/\/www.univ-larochelle.fr\/?page_id=23540"},"modified":"2024-11-27T12:54:33","modified_gmt":"2024-11-27T11:54:33","slug":"research-units","status":"publish","type":"page","link":"https:\/\/www.univ-larochelle.fr\/en\/research-and-innovation\/our-structures\/research-units\/","title":{"rendered":"Research Units"},"content":{"rendered":"<div class=\"wpb-content-wrapper\"><p>[vc_row][vc_column][vc_column_text css=&#8221;&#8221;]<\/p>\n<h2>The laboratories of La Rochelle University :<\/h2>\n<h3>Chize Centre for Biological Studies (CEBC)<\/h3>\n<p><a href=\"http:\/\/www.cebc.cnrs.fr\" target=\"_blank\" rel=\"noopener\">Consult the website<\/a> &#8211; <a href=\"https:\/\/www.univ-larochelle.fr\/wp-content\/uploads\/pdf\/FICHE-LABO-ENG-CEBC.pdf\" target=\"_blank\" rel=\"noopener noreferrer\">Consult the laboratory&#8217;s file<\/a><\/p>\n<p><strong>Director<\/strong>: <a href=\"https:\/\/www.cebc.cnrs.fr\/predateurs-marins\/yves-cherel-2\/\" target=\"_blank\" rel=\"noopener\">Yves Cherel<\/a><\/p>\n<p><strong>Disciplines<\/strong>:\u00a0Ecology,\u00a0Agro-ecology,\u00a0Bio-logging,\u00a0Physiology,\u00a0Genetic,\u00a0Statistics and modeling,\u00a0Eco-toxicology[\/vc_column_text][\/vc_column][\/vc_row][vc_row][vc_column width=&#8221;2\/3&#8243;][vc_column_text]Located in the department of Deux-S\u00e8vres, in the heart of the Chiz\u00e9 forest, the <strong>CEBC<\/strong> (UMR 7372 La Rochelle Universit\u00e9 \u2013 CNRS) works on the knowledge on the ecology of wild animals confronted with the disturbances of their natural environment.<\/p>\n<p>Its research focuses on the evolution of local populations of mammals, reptiles and birds as well as that of marine predators of the French Southern and Antarctic Territories (TAAF).[\/vc_column_text][\/vc_column][vc_column width=&#8221;1\/3&#8243;][vc_round_chart style=&#8221;custom&#8221; stroke_width=&#8221;2&#8243; legend_position=&#8221;bottom&#8221; values=&#8221;%5B%7B%22title%22%3A%22Permanent%20research%20staff%20(8)%22%2C%22value%22%3A%228%22%2C%22color%22%3A%22vista-blue%22%2C%22custom_color%22%3A%22%23dede48%22%7D%2C%7B%22title%22%3A%22Phd%20student%20(3)%22%2C%22value%22%3A%223%22%2C%22color%22%3A%22pink%22%2C%22custom_color%22%3A%22%2382547d%22%7D%2C%7B%22title%22%3A%22Permanent%20technical%20assistant%20staff%20(18)%22%2C%22value%22%3A%2218%22%2C%22color%22%3A%22pink%22%2C%22custom_color%22%3A%22%2372b186%22%7D%2C%7B%22title%22%3A%22Non-permanent%20staff%20(post-doc%2C%20fixed-term%20contract%E2%80%A6)%20(25)%22%2C%22value%22%3A%2225%22%2C%22color%22%3A%22pink%22%2C%22custom_color%22%3A%22%232472b9%22%7D%5D&#8221;][\/vc_column][\/vc_row][vc_row][vc_column][vc_separator][vc_column_text css=&#8221;&#8221;]<\/p>\n<h3>Research Centre for Atlantic and International History (CRHIA)<\/h3>\n<p><a href=\"https:\/\/www.crhia.fr\/\" target=\"_blank\" rel=\"noopener\">Consult the website<\/a> &#8211; <a href=\"https:\/\/www.univ-larochelle.fr\/wp-content\/uploads\/pdf\/FICHE-LABO-ENG-CRHIA.pdf\" target=\"_blank\" rel=\"noopener noreferrer\">Download the laboratory&#8217;s file<\/a><\/p>\n<p><strong>Director<\/strong>: <a href=\"https:\/\/www.crhia.fr\/fr\/presentation\/equipe\/cecile-chantraine-braillon\" target=\"_blank\" rel=\"noopener\">C\u00e9cile Chantraine Braillon<\/a><\/p>\n<p><strong>Disciplines<\/strong>:\u00a0History, Civilizations, Anthropology, Languages, Literature[\/vc_column_text][\/vc_column][\/vc_row][vc_row][vc_column width=&#8221;2\/3&#8243;][vc_column_text]Considered as a national and international reference on Atlantic history and the history of cultural exchanges and international relations, the <strong>CRHIA<\/strong> Research center conducts research at the crossroads between the maritime area and the continental French, European and global spaces. Its core subject is &#8220;Seas and coastlines&#8221;.<\/p>\n<p>The members of the CRHIA of La Rochelle Universit\u00e9 study more particularly the exchanges and circulations of men and ideas between Europe, Asia and the &#8220;new worlds&#8221; (the Americas, Oceania), but also international relations, identities, from the modern era to today.[\/vc_column_text][\/vc_column][vc_column width=&#8221;1\/3&#8243;][vc_round_chart style=&#8221;custom&#8221; stroke_width=&#8221;2&#8243; legend_position=&#8221;bottom&#8221; values=&#8221;%5B%7B%22title%22%3A%22Permanent%20research%20staff%20(20)%22%2C%22value%22%3A%2220%22%2C%22color%22%3A%22vista-blue%22%2C%22custom_color%22%3A%22%23dede48%22%7D%2C%7B%22title%22%3A%22Phd%20student%20(15)%22%2C%22value%22%3A%2215%22%2C%22color%22%3A%22pink%22%2C%22custom_color%22%3A%22%2382547d%22%7D%2C%7B%22title%22%3A%22Permanent%20technical%20assistant%20staff%20(1)%22%2C%22value%22%3A%221%22%2C%22color%22%3A%22pink%22%2C%22custom_color%22%3A%22%2372b186%22%7D%5D&#8221;][\/vc_column][\/vc_row][vc_row][vc_column][vc_separator][vc_column_text css=&#8221;&#8221;]<\/p>\n<h3>Environment Organization LEgislation (EOLE)<\/h3>\n<p><strong>Director<\/strong>: Guillaume Delalieux<\/p>\n<p><strong>Discipline<\/strong>: Legal and management.[\/vc_column_text][\/vc_column][\/vc_row][vc_row][vc_column width=&#8221;2\/3&#8243;][vc_column_text css=&#8221;&#8221;]<b>EOLE<\/b>&#8216;s scientific activity focuses on themes at the crossroads of the expertise of lawyers (publicists, privatists and legal historians) and managers.[\/vc_column_text][\/vc_column][vc_column width=&#8221;1\/3&#8243;][\/vc_column][\/vc_row][vc_row][vc_column][vc_separator][vc_column_text css=&#8221;&#8221;]<\/p>\n<h3>Asian Dynamics, Interactions and Intercultuurality (D2ia)<\/h3>\n<p><a href=\"https:\/\/d2ia.fr\/\" target=\"_blank\" rel=\"noopener\">Consult the website<\/a> &#8211; <a href=\"https:\/\/www.univ-larochelle.fr\/wp-content\/uploads\/pdf\/FICHE-LABO-ENG-D2iA.pdf\" target=\"_blank\" rel=\"noopener noreferrer\">Download the laboratory&#8217;s file<\/a><\/p>\n<p>La Rochelle Universit\u00e9 and Bordeaux Montaigne University<\/p>\n<p><strong>Director : <\/strong>David Waterman<\/p>\n<p><strong>Disciplines <\/strong>: Languages, literatures and cultures of Asia, Geopolitics, History, Didactics.[\/vc_column_text][\/vc_column][\/vc_row][vc_row][vc_column width=&#8221;2\/3&#8243;][vc_column_text]The D2iA Research Unit aims to: Bring together researchers and create a regional research center on Asia-Pacific topics; Develop research projects promoting interdisciplinary and comparative approaches; Offer our researchers better integration into international networks; Transfer knowledge to the economic-institutional and cultural fabric of the New Aquitaine region; Create research partnerships with actors in the economic and cultural spheres.[\/vc_column_text][\/vc_column][vc_column width=&#8221;1\/3&#8243;][vc_round_chart style=&#8221;custom&#8221; stroke_width=&#8221;2&#8243; legend_position=&#8221;bottom&#8221; tooltips=&#8221;&#8221; values=&#8221;%5B%7B%22title%22%3A%22Permanent%20research%20staff%20(8)%22%2C%22value%22%3A%228%22%2C%22color%22%3A%22vista-blue%22%2C%22custom_color%22%3A%22%23dede48%22%7D%2C%7B%22title%22%3A%22Phd%20student%20(1)%22%2C%22value%22%3A%221%22%2C%22color%22%3A%22pink%22%2C%22custom_color%22%3A%22%2382547d%22%7D%5D&#8221;][\/vc_column][\/vc_row][vc_row][vc_column][vc_separator][vc_column_text css=&#8221;&#8221;]<\/p>\n<h3>Laboratory of Informatics Image Interaction (L3I)<\/h3>\n<p><a href=\"https:\/\/l3i.univ-larochelle.fr\">Consult the website<\/a> &#8211; <a href=\"https:\/\/www.univ-larochelle.fr\/wp-content\/uploads\/pdf\/FICHE-LABO-ENG-L3i.pdf\" target=\"_blank\" rel=\"noopener noreferrer\">Download the laboratory&#8217;s file<\/a><\/p>\n<p><strong>Director<\/strong>: <a href=\"https:\/\/l3i.univ-larochelle.fr\/Ghamri-Doudane-Mohamed-Yacine-Pr\" target=\"_blank\" rel=\"noopener noreferrer\">Yacine Ghrami- Doudane Mohamed<\/a><\/p>\n<p><strong>Disciplines<\/strong>:\u00a0Computer Science,\u00a0Computer engineering,\u00a0Automation,\u00a0Signal processing[\/vc_column_text][\/vc_column][\/vc_row][vc_row][vc_column width=&#8221;2\/3&#8243;][vc_column_text]<strong>L3i<\/strong> is the computer science research laboratory of La Rochelle Universit\u00e9.<\/p>\n<p>It brings together researchers in computer science from the Institute of Technology and the Faculty of Sciences and Technologies.<\/p>\n<p>Focusing on the issue of interactive and intelligent management of digital content, the work of its members focuses on the national and European socio-economic issues related to this very promising field of research.[\/vc_column_text][\/vc_column][vc_column width=&#8221;1\/3&#8243;][vc_round_chart style=&#8221;custom&#8221; stroke_width=&#8221;2&#8243; legend_position=&#8221;bottom&#8221; tooltips=&#8221;&#8221; values=&#8221;%5B%7B%22title%22%3A%22Permanent%20research%20staff%20(33)%22%2C%22value%22%3A%2233%22%2C%22color%22%3A%22vista-blue%22%2C%22custom_color%22%3A%22%23dede48%22%7D%2C%7B%22title%22%3A%22Phd%20student%20(35)%22%2C%22value%22%3A%2235%22%2C%22color%22%3A%22pink%22%2C%22custom_color%22%3A%22%2382547d%22%7D%2C%7B%22title%22%3A%22Permanent%20technical%20assistant%20staff%20(4)%22%2C%22value%22%3A%224%22%2C%22color%22%3A%22pink%22%2C%22custom_color%22%3A%22%2372b186%22%7D%2C%7B%22title%22%3A%22Non-permanent%20staff%20(post-doc%2C%20fixed-term%20contract%E2%80%A6)%20(25)%22%2C%22value%22%3A%2225%22%2C%22color%22%3A%22pink%22%2C%22custom_color%22%3A%22%232472b9%22%7D%5D&#8221;][\/vc_column][\/vc_row][vc_row][vc_column][vc_separator][vc_column_text css=&#8221;&#8221;]<\/p>\n<h3>Laboratory of Engineering Sciences for the Environment (LaSiE)<\/h3>\n<p><a href=\"https:\/\/lasie.univ-larochelle.fr\">Consult the website<\/a> &#8211; <a href=\"https:\/\/www.univ-larochelle.fr\/wp-content\/uploads\/pdf\/FICHE-LABO-ENG-LaSIE.pdf\" target=\"_blank\" rel=\"noopener noreferrer\">Download the laboratory&#8217;s file<\/a><\/p>\n<p><strong>Director<\/strong>: <a href=\"https:\/\/lasie.univ-larochelle.fr\/FEAUGAS-Xavier\" target=\"_blank\" rel=\"noopener noreferrer\">Xavier Faugeas<\/a><\/p>\n<p><strong>Discipline<\/strong>:\u00a0Engineering[\/vc_column_text][\/vc_column][\/vc_row][vc_row][vc_column width=&#8221;2\/3&#8243;][vc_column_text]The Laboratory of Engineering Sciences for the Environment is a Joint Research Unit (UMR 7356 La Rochelle Universit\u00e9 \u2013 CNRS) whose themes concern the transfer of mass and energy in materials and inhabited spaces, covering large scales of space and time. Bringing together a wide range of skills in the field of environmental engineering (mathematics, physics, civil engineering, chemistry and mechanics), the <strong>LaSIE<\/strong> analyze the durability and protection of materials, structures and infrastructures, subject to environmental constraints. The Laboratory also works to improve the thermal, the comfort and indoor air quality in buildings.[\/vc_column_text][\/vc_column][vc_column width=&#8221;1\/3&#8243;][vc_round_chart style=&#8221;custom&#8221; stroke_width=&#8221;2&#8243; legend_position=&#8221;bottom&#8221; tooltips=&#8221;&#8221; values=&#8221;%5B%7B%22title%22%3A%22Permanent%20research%20staff%20(62)%22%2C%22value%22%3A%2262%22%2C%22color%22%3A%22vista-blue%22%2C%22custom_color%22%3A%22%23dede48%22%7D%2C%7B%22title%22%3A%22Phd%20student%20(60)%22%2C%22value%22%3A%2260%22%2C%22color%22%3A%22pink%22%2C%22custom_color%22%3A%22%2382547d%22%7D%2C%7B%22title%22%3A%22Permanent%20technical%20assistant%20staff%20(18)%22%2C%22value%22%3A%2218%22%2C%22color%22%3A%22pink%22%2C%22custom_color%22%3A%22%2372b186%22%7D%2C%7B%22title%22%3A%22Non-permanent%20staff%20(post-doc%2C%20fixed-term%20contract%E2%80%A6)%20(15)%22%2C%22value%22%3A%2215%22%2C%22color%22%3A%22pink%22%2C%22custom_color%22%3A%22%232472b9%22%7D%5D&#8221;][\/vc_column][\/vc_row][vc_row][vc_column][vc_separator][vc_column_text css=&#8221;&#8221;]<\/p>\n<h3>Littoral, Environment and Society (LIENSs)<\/h3>\n<p><a href=\"https:\/\/lienss.univ-larochelle.fr\">Consult the website<\/a> &#8211; <a href=\"https:\/\/www.univ-larochelle.fr\/wp-content\/uploads\/pdf\/FICHE-LABO-ENG-LIENSs.pdf\" target=\"_blank\" rel=\"noopener noreferrer\">Download the laboratory&#8217;s file<\/a><\/p>\n<p><strong>Director<\/strong>: <a href=\"https:\/\/lienss.univ-larochelle.fr\/Ballu-Valerie\">Val\u00e9rie Ballu<\/a><\/p>\n<p><strong>Disciplines<\/strong>:\u00a0Biology, Ecology, Ecophysiology, Ecotoxicology, Earth sciences, Geophysics, Geography, History chemistry and Biotechnology, Law, Political sciences[\/vc_column_text][\/vc_column][\/vc_row][vc_row][vc_column width=&#8221;2\/3&#8243;][vc_column_text]The <strong>LIENSs<\/strong> laboratory is an Interdisciplinary Joint Research Unit (UMRi 7266 La Rochelle Universit\u00e9 CNRS). The laboratory puts interdisciplinarity at the service of sustainable development issues related to the coastline.<\/p>\n<p>It integrates the skills of many disciplines that range from environmental sciences to human sciences through chemistry and biotechnology.<\/p>\n<p>Its research focuses in particular on the functioning of the coastal system, its evolution in a context of global change and increasing urbanization of the coasts, its use and its sustainable exploitation.[\/vc_column_text][\/vc_column][vc_column width=&#8221;1\/3&#8243;][vc_round_chart style=&#8221;custom&#8221; stroke_width=&#8221;2&#8243; legend_position=&#8221;bottom&#8221; tooltips=&#8221;&#8221; values=&#8221;%5B%7B%22title%22%3A%22Permanent%20research%20staff%20(108)%22%2C%22value%22%3A%22108%22%2C%22color%22%3A%22vista-blue%22%2C%22custom_color%22%3A%22%23dede48%22%7D%2C%7B%22title%22%3A%22Phd%20student%20(39)%22%2C%22value%22%3A%2239%22%2C%22color%22%3A%22pink%22%2C%22custom_color%22%3A%22%2382547d%22%7D%2C%7B%22title%22%3A%22Permanent%20technical%20assistant%20staff%20(27)%22%2C%22value%22%3A%2227%22%2C%22color%22%3A%22pink%22%2C%22custom_color%22%3A%22%2372b186%22%7D%2C%7B%22title%22%3A%22Non-permanent%20staff%20(post-doc%2C%20fixed-term%20contract%E2%80%A6)%20(54)%22%2C%22value%22%3A%2254%22%2C%22color%22%3A%22pink%22%2C%22custom_color%22%3A%22%232472b9%22%7D%5D&#8221;][\/vc_column][\/vc_row][vc_row][vc_column][vc_separator][vc_column_text css=&#8221;&#8221;]<\/p>\n<h3>Mathematics Image and Application (MIA Lab)<\/h3>\n<p><a href=\"http:\/\/mia.univ-larochelle.fr\">Consult the website<\/a> &#8211; <a href=\"https:\/\/www.univ-larochelle.fr\/wp-content\/uploads\/pdf\/FICHE-LABO-ENG-MIA.pdf\" target=\"_blank\" rel=\"noopener noreferrer\">Download the laboratory&#8217;s file<\/a><\/p>\n<p><strong>Director<\/strong>: <a href=\"http:\/\/pageperso.univ-lr.fr\/cchoquet\/\" target=\"_blank\" rel=\"noopener noreferrer\">Catherine Choquet<\/a><\/p>\n<p><strong>Discipline<\/strong>:\u00a0Mathematics[\/vc_column_text][\/vc_column][\/vc_row][vc_row][vc_column width=&#8221;2\/3&#8243;][vc_column_text]The scientific activity of the <strong>MIA<\/strong> covers both classical theoretical issues for a mathematics laboratory and applicative issues arising from major societal challenges.<\/p>\n<p>The laboratory&#8217;s two areas of excellence, image, video and data processing and analysis and human-scale environmental modelling, closely combine multidisciplinary skills.[\/vc_column_text][\/vc_column][vc_column width=&#8221;1\/3&#8243;][vc_round_chart style=&#8221;custom&#8221; stroke_width=&#8221;2&#8243; legend_position=&#8221;bottom&#8221; tooltips=&#8221;&#8221; values=&#8221;%5B%7B%22title%22%3A%22Permanent%20research%20staff%20(15)%22%2C%22value%22%3A%2215%22%2C%22color%22%3A%22vista-blue%22%2C%22custom_color%22%3A%22%23dede48%22%7D%2C%7B%22title%22%3A%22Phd%20student%20(10)%22%2C%22value%22%3A%2210%22%2C%22color%22%3A%22pink%22%2C%22custom_color%22%3A%22%2382547d%22%7D%2C%7B%22title%22%3A%22Non-permanent%20staff%20(post-doc%2C%20fixed-term%20contract%E2%80%A6)%20(3)%22%2C%22value%22%3A%223%22%2C%22color%22%3A%22pink%22%2C%22custom_color%22%3A%22%232472b9%22%7D%5D&#8221;][\/vc_column][\/vc_row][vc_row][vc_column][vc_separator][vc_column_text css=&#8221;&#8221;]<\/p>\n<h3>Digital Uses for Sustainable Development (NUDD)<\/h3>\n<p><a href=\"https:\/\/nudd.recherche.univ-lr.fr\/\" target=\"_blank\" rel=\"noopener\">Consult the website<\/a>\u00a0\u2013\u00a0<a href=\"https:\/\/www.univ-larochelle.fr\/wp-content\/uploads\/Fiche-Labo-EN-NUDD.pdf\" target=\"_blank\" rel=\"noopener noreferrer\">Consult the laboratory\u2019s file<\/a><\/p>\n<p><strong>Director<\/strong>: Jeanne Lallement<\/p>\n<p><strong>Discipline<\/strong>: Digital[\/vc_column_text][\/vc_column][\/vc_row][vc_row][vc_column width=&#8221;2\/3&#8243;][vc_column_text]<strong>NUDD<\/strong> brings together research on digital technologies, uses, practices and business models. NUDD aims to observe, understand and analyse all the economic, social and organisational transformations made possible by digital technology.[\/vc_column_text][\/vc_column][vc_column width=&#8221;1\/3&#8243;][\/vc_column][\/vc_row][vc_row][vc_column][vc_separator][vc_column_text css=&#8221;&#8221;]<\/p>\n<h3>PELAGIS Observatory<\/h3>\n<p><a href=\"http:\/\/www.observatoire-pelagis.cnrs.fr\" target=\"_blank\" rel=\"noopener\">Consult the website<\/a> &#8211; <a href=\"https:\/\/www.univ-larochelle.fr\/wp-content\/uploads\/pdf\/FICHE-LABO-ENG-PELAGIS.pdf\" target=\"_blank\" rel=\"noopener noreferrer\">Download the laboratory&#8217;s file<\/a><\/p>\n<p><strong>Director<\/strong>: <a href=\"https:\/\/www.observatoire-pelagis.cnrs.fr\/pelagis-2\/lequipe\/florence-caurant\/\" target=\"_blank\" rel=\"noopener noreferrer\">Florent Caurant<\/a>, <a href=\"https:\/\/lienss.univ-larochelle.fr\/Spitz-Jerome\" target=\"_blank\" rel=\"noopener noreferrer\">J\u00e9r\u00f4me Spitz<\/a><\/p>\n<p><strong>Discipline<\/strong>:\u00a0Ecology[\/vc_column_text][\/vc_column][\/vc_row][vc_row][vc_column width=&#8221;2\/3&#8243;][vc_column_text]<strong>PELAGIS<\/strong> is a joint service unit (UMS 3462 La Rochelle Universit\u00e9 &#8211; CNRS). It conducts observation and expertise programs on marine mammals and seabirds for their conservation<\/p>\n<p>In addition, it manages the databases associated with these various research programs.<\/p>\n<p>The link of the Observatory with the Centre de Biologie de Chiz\u00e9 (CEBC) facilitates research studies and development based on these monitoring data.[\/vc_column_text][\/vc_column][vc_column width=&#8221;1\/3&#8243;][vc_round_chart style=&#8221;custom&#8221; stroke_width=&#8221;2&#8243; legend_position=&#8221;bottom&#8221; tooltips=&#8221;&#8221; values=&#8221;%5B%7B%22title%22%3A%22Permanent%20research%20staff%20(3)%22%2C%22value%22%3A%223%22%2C%22color%22%3A%22vista-blue%22%2C%22custom_color%22%3A%22%23dede48%22%7D%2C%7B%22title%22%3A%22Permanent%20technical%20assistant%20staff%20(4)%22%2C%22value%22%3A%224%22%2C%22color%22%3A%22pink%22%2C%22custom_color%22%3A%22%2372b186%22%7D%2C%7B%22title%22%3A%22Non-permanent%20staff%20(post-doc%2C%20fixed-term%20contract%E2%80%A6)%20(22)%22%2C%22value%22%3A%2222%22%2C%22color%22%3A%22pink%22%2C%22custom_color%22%3A%22%232472b9%22%7D%5D&#8221;][\/vc_column][\/vc_row][vc_row][vc_column][vc_separator][vc_column_text]<\/p>\n<h3>PoLiCEMIES<\/h3>\n<p><strong>Director<\/strong>: Diego Jarak, Annabel Audureau<\/p>\n<p><strong>Discipline<\/strong>: Cultural studies, visual studies, political science, French and foreign literature[\/vc_column_text][\/vc_column][\/vc_row][vc_row][vc_column width=&#8221;2\/3&#8243;][vc_column_text]The PoLiCEMIES research unit aims to :<\/p>\n<ul>\n<li>Bring together researchers in the arts, culture, politics and literature<\/li>\n<li>Carry out multidisciplinary research projects for a holistic understanding of societal transitions<\/li>\n<li>Study the emergence and circulation of artistic, cultural and literary productions in the LUDI (Littoral Urbain Durable et Intelligent) context.<\/li>\n<li>Observe and analyze societal transformations opened up by the dual challenge of sustainable coastlines and cultural transitions.<\/li>\n<li>Participate in the development and implementation of research-creation and research-action projects related to creation, contemporary cultural practices, scientific mediation and participatory research.<\/li>\n<\/ul>\n<p>[\/vc_column_text][\/vc_column][vc_column width=&#8221;1\/3&#8243;][vc_round_chart style=&#8221;custom&#8221; stroke_width=&#8221;2&#8243; legend_position=&#8221;bottom&#8221; tooltips=&#8221;&#8221; values=&#8221;%5B%7B%22title%22%3A%22Permanent%20research%20staff%20(8)%22%2C%22value%22%3A%228%22%2C%22color%22%3A%22vista-blue%22%2C%22custom_color%22%3A%22%23dede48%22%7D%2C%7B%22title%22%3A%22Phd%20student%20(3)%22%2C%22value%22%3A%223%22%2C%22color%22%3A%22pink%22%2C%22custom_color%22%3A%22%2372b186%22%7D%5D&#8221;][\/vc_column][\/vc_row]<\/p>\n<\/div>","protected":false},"excerpt":{"rendered":"<p>[vc_row][vc_column][vc_column_text css=&#8221;&#8221;] The laboratories of La Rochelle University : Chize Centre for Biological Studies (CEBC) Consult the website &#8211; Consult the laboratory&#8217;s file Director: Yves Cherel Disciplines:\u00a0Ecology,\u00a0Agro-ecology,\u00a0Bio-logging,\u00a0Physiology,\u00a0Genetic,\u00a0Statistics and modeling,\u00a0Eco-toxicology[\/vc_column_text][\/vc_column][\/vc_row][vc_row][vc_column width=&#8221;2\/3&#8243;][vc_column_text]Located in the department of Deux-S\u00e8vres, in the heart of the Chiz\u00e9 forest, the CEBC (UMR 7372 La Rochelle Universit\u00e9 \u2013 CNRS) works on the knowledge [&hellip;]<\/p>\n","protected":false},"author":69,"featured_media":58406,"parent":17492,"menu_order":0,"comment_status":"closed","ping_status":"closed","template":"","meta":{"_acf_changed":false,"footnotes":""},"class_list":["post-23540","page","type-page","status-publish","has-post-thumbnail","hentry"],"acf":[],"_links":{"self":[{"href":"https:\/\/www.univ-larochelle.fr\/en\/wp-json\/wp\/v2\/pages\/23540","targetHints":{"allow":["GET"]}}],"collection":[{"href":"https:\/\/www.univ-larochelle.fr\/en\/wp-json\/wp\/v2\/pages"}],"about":[{"href":"https:\/\/www.univ-larochelle.fr\/en\/wp-json\/wp\/v2\/types\/page"}],"author":[{"embeddable":true,"href":"https:\/\/www.univ-larochelle.fr\/en\/wp-json\/wp\/v2\/users\/69"}],"replies":[{"embeddable":true,"href":"https:\/\/www.univ-larochelle.fr\/en\/wp-json\/wp\/v2\/comments?post=23540"}],"version-history":[{"count":0,"href":"https:\/\/www.univ-larochelle.fr\/en\/wp-json\/wp\/v2\/pages\/23540\/revisions"}],"up":[{"embeddable":true,"href":"https:\/\/www.univ-larochelle.fr\/en\/wp-json\/wp\/v2\/pages\/17492"}],"wp:featuredmedia":[{"embeddable":true,"href":"https:\/\/www.univ-larochelle.fr\/en\/wp-json\/wp\/v2\/media\/58406"}],"wp:attachment":[{"href":"https:\/\/www.univ-larochelle.fr\/en\/wp-json\/wp\/v2\/media?parent=23540"}],"curies":[{"name":"wp","href":"https:\/\/api.w.org\/{rel}","templated":true}]}}