{"id":24403,"date":"2020-04-29T17:08:06","date_gmt":"2020-04-29T15:08:06","guid":{"rendered":"https:\/\/www.univ-larochelle.fr\/?page_id=24403"},"modified":"2023-10-23T17:12:08","modified_gmt":"2023-10-23T15:12:08","slug":"international-laboratories","status":"publish","type":"page","link":"https:\/\/www.univ-larochelle.fr\/en\/research-and-innovation\/our-structures\/international-laboratories\/","title":{"rendered":"International Laboratories"},"content":{"rendered":"<div class=\"wpb-content-wrapper\"><p>[vc_row][vc_column][vc_column_text]<\/p>\n<h2>Vietnam France ICTLab<\/h2>\n<p>4 partners : <a href=\"http:\/\/www.usth.edu.vn\/en\" target=\"_blank\" rel=\"noopener noreferrer\">University of Science and Technology of Hano\u00ef<\/a>, Vietnam Academy of Science and Technology &#8211; Institute of Information Technology, <a href=\"http:\/\/ird.fr\" target=\"_blank\" rel=\"noopener noreferrer\">Institut de Recherche pour le D\u00e9veloppement<\/a>, <a href=\"http:\/\/univ-larochelle.fr\" target=\"_blank\" rel=\"noopener noreferrer\">La Rochelle Universit\u00e9<\/a><\/p>\n<p><a href=\"https:\/\/www.usth.edu.vn\/en\/research\/international-joint-labs\/ictlab-46.html\" target=\"_blank\" rel=\"nofollow noopener noreferrer\" data-lynx-mode=\"hover\" data-lynx-uri=\"https:\/\/l.facebook.com\/l.php?u=http%3A%2F%2Fictlab.usth.edu.vn%2F%3Ffbclid%3DIwAR1BO5a3gAkijJD1SsbSPYy83T2HneaLdXehHtfVFh4mzue8V0_vULLU93I&amp;h=AT19qnOFCyAP_b_LgrGSSxsC9hDwK9rqv7aQIIfr2-_SHS7JVkRli1_YW5OeBe9ZLhWhqiESp5vFJHqRFR_f476a5dyOOppVXVltqn5xbSvL3EJDPNch88QMPnPW-83W-FPU6EZn\">Website<\/a><\/p>\n<p><span class=\"tlid-translation translation\" lang=\"en\"><span title=\"\">The evaluation and management of complex socio-environmental systems have increasingly relied on the design and use of computer models to inform, support and sometimes supplement human decision.<\/span> <span title=\"\">The objective of the ICT Lab, a joint laboratory created in 2014, is to design and provide methods and tools by conducting and combining surveys in different fields of ICT:<\/span><\/span><\/p>\n<ul>\n<li><span title=\"\">Modeling and simulation<\/span><\/li>\n<li><span title=\"\">Machine learning and data mining<\/span><\/li>\n<li><span title=\"\">Image and speech processing<\/span><\/li>\n<li><span title=\"\">Information search<\/span><\/li>\n<li><span title=\"\">Interactions with expert users<\/span><\/li>\n<li><span title=\"\">Sensor networks and embedded systems<\/span><\/li>\n<li><span class=\"\" title=\"\">High performance computing<\/span><\/li>\n<li><span class=\"\" title=\"\">Bioinformatics<\/span><\/li>\n<\/ul>\n<p>[\/vc_column_text][\/vc_column][\/vc_row]<\/p>\n<\/div>","protected":false},"excerpt":{"rendered":"<p>[vc_row][vc_column][vc_column_text] Vietnam France ICTLab 4 partners : University of Science and Technology of Hano\u00ef, Vietnam Academy of Science and Technology &#8211; Institute of Information Technology, Institut de Recherche pour le D\u00e9veloppement, La Rochelle Universit\u00e9 Website The evaluation and management of complex socio-environmental systems have increasingly relied on the design and use of computer models to [&hellip;]<\/p>\n","protected":false},"author":69,"featured_media":58410,"parent":17492,"menu_order":2,"comment_status":"closed","ping_status":"closed","template":"","meta":{"_acf_changed":false,"footnotes":""},"class_list":["post-24403","page","type-page","status-publish","has-post-thumbnail","hentry"],"acf":[],"_links":{"self":[{"href":"https:\/\/www.univ-larochelle.fr\/en\/wp-json\/wp\/v2\/pages\/24403","targetHints":{"allow":["GET"]}}],"collection":[{"href":"https:\/\/www.univ-larochelle.fr\/en\/wp-json\/wp\/v2\/pages"}],"about":[{"href":"https:\/\/www.univ-larochelle.fr\/en\/wp-json\/wp\/v2\/types\/page"}],"author":[{"embeddable":true,"href":"https:\/\/www.univ-larochelle.fr\/en\/wp-json\/wp\/v2\/users\/69"}],"replies":[{"embeddable":true,"href":"https:\/\/www.univ-larochelle.fr\/en\/wp-json\/wp\/v2\/comments?post=24403"}],"version-history":[{"count":0,"href":"https:\/\/www.univ-larochelle.fr\/en\/wp-json\/wp\/v2\/pages\/24403\/revisions"}],"up":[{"embeddable":true,"href":"https:\/\/www.univ-larochelle.fr\/en\/wp-json\/wp\/v2\/pages\/17492"}],"wp:featuredmedia":[{"embeddable":true,"href":"https:\/\/www.univ-larochelle.fr\/en\/wp-json\/wp\/v2\/media\/58410"}],"wp:attachment":[{"href":"https:\/\/www.univ-larochelle.fr\/en\/wp-json\/wp\/v2\/media?parent=24403"}],"curies":[{"name":"wp","href":"https:\/\/api.w.org\/{rel}","templated":true}]}}