{"id":2468,"date":"2018-01-15T14:45:06","date_gmt":"2018-01-15T14:45:06","guid":{"rendered":"https:\/\/www.univ-larochelle.fr\/passculture\/"},"modified":"2025-05-19T13:59:55","modified_gmt":"2025-05-19T11:59:55","slug":"passculture-2","status":"publish","type":"page","link":"https:\/\/www.univ-larochelle.fr\/en\/student-life\/culture\/passculture-2\/","title":{"rendered":"Pass&#8217;Culture"},"content":{"rendered":"<div class=\"wpb-content-wrapper\"><p>[vc_row][vc_column][vc_column_text]Your Pass&#8217;Culture will open the doors tocultural venues, museums, art companies and festivals all over La Rochelle. More than 20 partner locations for more than 200 shows at great prices all year long!<\/p>\n<h6>\u00a9 : Nguyen Phuc Hai<\/h6>\n<h2>For Whom?<\/h2>\n<p><img loading=\"lazy\" decoding=\"async\" class=\"alignnone size-medium wp-image-18461\" src=\"https:\/\/www.univ-larochelle.fr\/wp-content\/uploads\/png\/le-passculture-2-300x188.png\" alt=\"Le Pass'Culture 4\" width=\"300\" height=\"188\" \/><\/p>\n<p>Pass\u2019Culture is free for studentsunder 30, and enrolled at La Rochelle University, EIGSI, Sup de Co, the Gilles Jermain High School of Rochefort and F\u00e9n\u00e9lon Notre-Dame High School (BTS).<\/p>\n<h2>Where can I get a Pass&#8217;Culture?<\/h2>\n<ul>\n<li>Where: \u201cMaison de l\u2019Etudiant\u201d with your student card or ID<\/li>\n<li>How: the Pass is <strong>free<\/strong><\/li>\n<li>Who: Jer\u00f4me Grignon \u2013 05 16 49 67 76- <a href=\"mailto:jerome.grignon@univ-lr.fr\">Send an email to Jer\u00f4me Grignon<\/a><\/li>\n<\/ul>\n<h2>How do I get a ticket?<\/h2>\n<p>You can buy your ticket directly form the venue, or on Wednesdays at the University Library. Places are limited so book in advance!<\/p>\n<h2>Mini-Internships and Meetings with professional artists<\/h2>\n<p>The \u201cFabrique du Spectateur\u201d provides an opportunity to meet artists, discuss, tremble, fall, scream and dance. Professional artists organise mini-courses, meetings and rehearsals to broaden your understanding of artistic creation. Check out the calendar.<\/p>\n<h2>Our Pass&#8217;Culture Partners<\/h2>\n<ul>\n<li><a href=\"http:\/\/www.carre-amelot.net\/\" target=\"_blank\" rel=\"noopener noreferrer\">Carr\u00e9 Amelot Espace culturel de la Ville,<\/a><\/li>\n<li><a href=\"http:\/\/www.ccnlarochelle.com\/\" target=\"_blank\" rel=\"noopener noreferrer\">Centre Chor\u00e9graphique National de La Rochelle<\/a> \u2013 Kader Attou \/ Cie Accrorap,<\/li>\n<li><a href=\"http:\/\/www.centre-intermondes.com\/\" target=\"_blank\" rel=\"noopener noreferrer\">Centre Intermondes<\/a>,<\/li>\n<li><a href=\"https:\/\/www.cnarsurlepont.fr\/\" target=\"_blank\" rel=\"noopener noreferrer\">Centre National des Arts de Rue \u2013 CNAREP<\/a>,<\/li>\n<li><a href=\"https:\/\/www.francofolies.fr\" target=\"_blank\" rel=\"noopener noreferrer\">Chantier des Francos<\/a>,<\/li>\n<li><a href=\"http:\/\/www.compagnie-haute-tension.com\/\" target=\"_blank\" rel=\"noopener noreferrer\">Compagnie Haute Tension<\/a>,<\/li>\n<li><a href=\"https:\/\/lazile.org\/\" target=\"_blank\" rel=\"noopener noreferrer\">L\u2019Azile Caf\u00e9-Th\u00e9\u00e2tre &amp; Concert<\/a>,<\/li>\n<li><a href=\"http:\/\/www.theatre-coupedor.com\/\" target=\"_blank\" rel=\"noopener noreferrer\">La Coupe d\u2019or Sc\u00e8ne conventionn\u00e9e de Rochefort<\/a>,<\/li>\n<li><a href=\"http:\/\/www.la-coursive.com\/\" target=\"_blank\" rel=\"noopener noreferrer\">La Coursive Sc\u00e8ne Nationale de la Rochelle<\/a>,<\/li>\n<li><a href=\"http:\/\/www.lamanufacture-cdcn.org\/\" target=\"_blank\" rel=\"noopener\">CDCN La Manufacture Bordeaux Nouvelle-Aquitaine<\/a><\/li>\n<li><a href=\"http:\/\/www.escalesdocumentaires.org\/\" target=\"_blank\" rel=\"noopener noreferrer\">Festival Les Escales Documentaires,<\/a><\/li>\n<li><a href=\"http:\/\/www.festival-film-aventure.com\/\" target=\"_blank\" rel=\"noopener\">Festival du Film et du Livre d\u2019Aventure<\/a>,<\/li>\n<li><a href=\"http:\/\/festival-larochelle.org\/\" target=\"_blank\" rel=\"noopener\">Festival La Rochelle Cin\u00e9ma<\/a>,<\/li>\n<li><a href=\"http:\/\/www.jazzentrelesdeuxtours.fr\/\" target=\"_blank\" rel=\"noopener noreferrer\">Festival Jazz entre les 2 Tours<\/a><\/li>\n<li><a href=\"http:\/\/www.l-horizon.fr\/\" target=\"_blank\" rel=\"noopener noreferrer\">l\u2019Horizon<\/a>,<\/li>\n<li><a href=\"https:\/\/www.larochelle.fr\/culture-sports-et-loisirs\/musees-de-la-rochelle\/musee-des-beaux-arts.html\" target=\"_blank\" rel=\"noopener noreferrer\">Mus\u00e9e des Beaux-Arts<\/a>,<\/li>\n<li><a href=\"https:\/\/www.larochelle.fr\/culture-sports-et-loisirs\/musees-de-la-rochelle\/musee-du-nouveau-monde.html\" target=\"_blank\" rel=\"noopener noreferrer\">Mus\u00e9e du Nouveau Monde<\/a>,<\/li>\n<li><a href=\"https:\/\/museum.larochelle.fr\/\" target=\"_blank\" rel=\"noopener noreferrer\">Mus\u00e9um d\u2019Histoire Naturelle<\/a>,<\/li>\n<li><a href=\"https:\/\/www.la-sirene.fr\/\" target=\"_blank\" rel=\"noopener noreferrer\">La Sir\u00e8ne Espace Musiques Actuelles de l\u2019agglom\u00e9ration de La Rochelle<\/a>,<\/li>\n<li><a href=\"http:\/\/theatreamazone.wixsite.com\/infos\" target=\"_blank\" rel=\"noopener noreferrer\">Th\u00e9\u00e2tre Amazone \u2013 Cie Laurence Andreini<\/a><\/li>\n<\/ul>\n<p>[\/vc_column_text][\/vc_column][\/vc_row]<\/p>\n<\/div>","protected":false},"excerpt":{"rendered":"<p>[vc_row][vc_column][vc_column_text]Your Pass&#8217;Culture will open the doors tocultural venues, museums, art companies and festivals all over La Rochelle. More than 20 partner locations for more than 200 shows at great prices all year long! \u00a9 : Nguyen Phuc Hai For Whom? Pass\u2019Culture is free for studentsunder 30, and enrolled at La Rochelle University, EIGSI, Sup de [&hellip;]<\/p>\n","protected":false},"author":69,"featured_media":76541,"parent":17603,"menu_order":3,"comment_status":"closed","ping_status":"closed","template":"","meta":{"_acf_changed":false,"footnotes":""},"class_list":["post-2468","page","type-page","status-publish","has-post-thumbnail","hentry"],"acf":[],"_links":{"self":[{"href":"https:\/\/www.univ-larochelle.fr\/en\/wp-json\/wp\/v2\/pages\/2468","targetHints":{"allow":["GET"]}}],"collection":[{"href":"https:\/\/www.univ-larochelle.fr\/en\/wp-json\/wp\/v2\/pages"}],"about":[{"href":"https:\/\/www.univ-larochelle.fr\/en\/wp-json\/wp\/v2\/types\/page"}],"author":[{"embeddable":true,"href":"https:\/\/www.univ-larochelle.fr\/en\/wp-json\/wp\/v2\/users\/69"}],"replies":[{"embeddable":true,"href":"https:\/\/www.univ-larochelle.fr\/en\/wp-json\/wp\/v2\/comments?post=2468"}],"version-history":[{"count":0,"href":"https:\/\/www.univ-larochelle.fr\/en\/wp-json\/wp\/v2\/pages\/2468\/revisions"}],"up":[{"embeddable":true,"href":"https:\/\/www.univ-larochelle.fr\/en\/wp-json\/wp\/v2\/pages\/17603"}],"wp:featuredmedia":[{"embeddable":true,"href":"https:\/\/www.univ-larochelle.fr\/en\/wp-json\/wp\/v2\/media\/76541"}],"wp:attachment":[{"href":"https:\/\/www.univ-larochelle.fr\/en\/wp-json\/wp\/v2\/media?parent=2468"}],"curies":[{"name":"wp","href":"https:\/\/api.w.org\/{rel}","templated":true}]}}