{"id":53217,"date":"2023-04-14T12:25:00","date_gmt":"2023-04-14T10:25:00","guid":{"rendered":"https:\/\/www.univ-larochelle.fr\/?page_id=53217"},"modified":"2026-03-24T11:16:26","modified_gmt":"2026-03-24T10:16:26","slug":"administration","status":"publish","type":"page","link":"https:\/\/www.univ-larochelle.fr\/en\/university\/organisation\/administration\/","title":{"rendered":"Administration"},"content":{"rendered":"<div class=\"wpb-content-wrapper\"><p>[vc_row title=&#8221;Consultez l&#8217;organigramme g\u00e9n\u00e9ral de l&#8217;Universit\u00e9&#8221; style=&#8221;custom&#8221; gradient_color_1=&#8221;turquoise&#8221; gradient_color_2=&#8221;vista-blue&#8221; gradient_custom_color_1=&#8221;#dd3333&#8243; gradient_custom_color_2=&#8221;#eeee22&#8243; gradient_text_color=&#8221;#ffffff&#8221; custom_background=&#8221;#1e73be&#8221; custom_text=&#8221;#ffffff&#8221; outline_custom_color=&#8221;#666666&#8243; outline_custom_hover_background=&#8221;#666666&#8243; outline_custom_hover_text=&#8221;#ffffff&#8221; shape=&#8221;rounded&#8221; color=&#8221;grey&#8221; size=&#8221;lg&#8221; align=&#8221;center&#8221; button_block=&#8221;true&#8221; add_icon=&#8221;true&#8221; i_align=&#8221;left&#8221; i_type=&#8221;fontawesome&#8221; i_icon_fontawesome=&#8221;far fa-hand-point-up&#8221; i_icon_openiconic=&#8221;vc-oi vc-oi-dial&#8221; i_icon_typicons=&#8221;typcn typcn-adjust-brightness&#8221; i_icon_entypo=&#8221;entypo-icon entypo-icon-note&#8221; i_icon_linecons=&#8221;vc_li vc_li-heart&#8221; i_icon_monosocial=&#8221;vc-mono vc-mono-fivehundredpx&#8221; i_icon_material=&#8221;vc-material vc-material-cake&#8221; i_icon_pixelicons=&#8221;vc_pixel_icon vc_pixel_icon-alert&#8221; custom_onclick=&#8221;&#8221; link=&#8221;url:https%3A%2F%2Fwww.univ-larochelle.fr%2Fwp-content%2Fuploads%2Fmisc%2Forganigramme-LRUniv-VF.pdf|title:Organigramme%20g%C3%A9n%C3%A9ral%20de%20La%20Rochelle%20Universit%C3%A9|target:_blank&#8221; custom_onclick_code=&#8221;&#8221;][vc_column][vc_btn title=&#8221;Consult the general organisation chart of the University&#8221; style=&#8221;custom&#8221; custom_background=&#8221;#1e73be&#8221; custom_text=&#8221;#ffffff&#8221; size=&#8221;lg&#8221; align=&#8221;center&#8221; i_icon_fontawesome=&#8221;far fa-hand-point-up&#8221; button_block=&#8221;true&#8221; add_icon=&#8221;true&#8221; link=&#8221;url:https%3A%2F%2Fwww.univ-larochelle.fr%2Fwp-content%2Fuploads%2Fpdf%2Forganigramme-LRUniv-EN.pdf|title:General%20organisation%20chart%20of%20the%20University|target:_blank&#8221;][vc_empty_space][vc_text_separator title=&#8221;CENTRAL ADMINISTRATION&#8221; color=&#8221;blue&#8221;][vc_column_text]<\/p>\n<h4 style=\"text-align: center;\"><strong>Staff Director<\/strong><\/h4>\n<p>[\/vc_column_text][vc_single_image image=&#8221;78602&#8243; img_size=&#8221;225&#215;150&#8243; add_caption=&#8221;yes&#8221; alignment=&#8221;center&#8221; style=&#8221;vc_box_circle_2&#8243; css=&#8221;&#8221;][\/vc_column][\/vc_row][vc_row][vc_column][vc_row_inner][vc_column_inner width=&#8221;1\/3&#8243;][vc_empty_space height=&#8221;45px&#8221;][vc_toggle title=&#8221;Communication department&#8221;]Caroline Grand<\/p>\n<p><a href=\"https:\/\/www.univ-larochelle.fr\/wp-content\/uploads\/organigramme-DIRCOM-EN.pdf\" target=\"_blank\" rel=\"noopener\">Download the organisation chart.<\/a>[\/vc_toggle][vc_empty_space height=&#8221;45px&#8221;][\/vc_column_inner][vc_column_inner width=&#8221;1\/3&#8243;][vc_empty_space height=&#8221;45px&#8221;][vc_toggle title=&#8221;Management and strategy support department&#8221;]Aline Autissier<\/p>\n<p><a href=\"https:\/\/www.univ-larochelle.fr\/wp-content\/uploads\/organigramme-DAPS-EN.pdf\" target=\"_blank\" rel=\"noopener\">Download the organisation chart.<\/a>[\/vc_toggle][vc_empty_space height=&#8221;45px&#8221;][\/vc_column_inner][vc_column_inner width=&#8221;1\/3&#8243;][vc_empty_space height=&#8221;45px&#8221;][vc_toggle title=&#8221;Sustainable development and societal responsibility department&#8221;]Thomas Duban<\/p>\n<p><a href=\"https:\/\/www.univ-larochelle.fr\/wp-content\/uploads\/pdf\/organigramme-DDRS.pdf\" target=\"_blank\" rel=\"noopener\">Download the organisation chart.<\/a>[\/vc_toggle][vc_empty_space height=&#8221;45px&#8221;][\/vc_column_inner][\/vc_row_inner][vc_row_inner][vc_column_inner width=&#8221;1\/2&#8243;][vc_column_text]<\/p>\n<h4 style=\"text-align: left;\">Deputy staff director delegated to the ressources departments<\/h4>\n<p>[\/vc_column_text][vc_single_image image=&#8221;56522&#8243; img_size=&#8221;225&#215;150&#8243; add_caption=&#8221;yes&#8221; alignment=&#8221;center&#8221; style=&#8221;vc_box_circle_2&#8243;][\/vc_column_inner][vc_column_inner width=&#8221;1\/2&#8243;][vc_column_text]<\/p>\n<h4 style=\"text-align: left;\">Deputy staff director delegated to supportive departments<\/h4>\n<p>[\/vc_column_text][vc_single_image image=&#8221;41391&#8243; img_size=&#8221;225&#215;150&#8243; add_caption=&#8221;yes&#8221; alignment=&#8221;center&#8221; style=&#8221;vc_box_circle_2&#8243;][\/vc_column_inner][\/vc_row_inner][vc_row_inner][vc_column_inner width=&#8221;1\/2&#8243;][vc_column_text]<\/p>\n<p style=\"text-align: center;\"><strong>Ressources departments<\/strong><\/p>\n<p>[\/vc_column_text][vc_toggle title=&#8221;Financial affairs and public purchasing department&#8221; css=&#8221;&#8221;]C\u00e9cile Hardy-Radenac<\/p>\n<p><a href=\"https:\/\/www.univ-larochelle.fr\/wp-content\/uploads\/pdf\/organigramme_DAF.pdf\" target=\"_blank\" rel=\"noopener\">Download the organisation chart.<\/a>[\/vc_toggle][vc_toggle title=&#8221;Legal and statutory affairs department&#8221;]Ludivine Rouer<\/p>\n<p><a href=\"https:\/\/www.univ-larochelle.fr\/wp-content\/uploads\/organigramme-DAJS-EN.pdf\" target=\"_blank\" rel=\"noopener\">Download the organisation chart.<\/a>[\/vc_toggle][vc_toggle title=&#8221;Prevention department&#8221; css=&#8221;&#8221;]Sylvain Farthouat<\/p>\n<p><a href=\"https:\/\/www.univ-larochelle.fr\/wp-content\/uploads\/pdf\/organigramme-HSE.pdf\" target=\"_blank\" rel=\"noopener\">Download the organisation chart.<\/a>[\/vc_toggle][vc_toggle title=&#8221;Heritage and logistcs department&#8221; css=&#8221;&#8221;]Luc Costedoat<\/p>\n<p><a href=\"https:\/\/www.univ-larochelle.fr\/wp-content\/uploads\/pdf\/organigramme-DPaL.pdf\" target=\"_blank\" rel=\"noopener\">Download the organisation chart.<\/a>[\/vc_toggle][vc_toggle title=&#8221;Human resources department&#8221; css=&#8221;&#8221;]Laure Corbeau<\/p>\n<p><a href=\"https:\/\/www.univ-larochelle.fr\/wp-content\/uploads\/pdf\/organigramme-DRRH.pdf\" target=\"_blank\" rel=\"noopener\">Download the organisation chart.<\/a>[\/vc_toggle][vc_toggle title=&#8221;Information system department&#8221;]Fr\u00e9d\u00e9ric Bret<\/p>\n<p><a href=\"https:\/\/www.univ-larochelle.fr\/wp-content\/uploads\/pdf\/organigramme-DSI.pdf\" target=\"_blank\" rel=\"noopener\">Download the organisation chart.<\/a>[\/vc_toggle][\/vc_column_inner][vc_column_inner width=&#8221;1\/2&#8243;][vc_column_text]<\/p>\n<p style=\"text-align: center;\"><strong>Supportive departments<\/strong><\/p>\n<p>[\/vc_column_text][vc_toggle title=&#8221;University library&#8221; css=&#8221;&#8221;]Raoul Weber<\/p>\n<p><a href=\"https:\/\/www.univ-larochelle.fr\/wp-content\/uploads\/pdf\/organigramme-BU.pdf\" target=\"_blank\" rel=\"noopener\">Download the organisation chart.<\/a>[\/vc_toggle][vc_toggle title=&#8221;Professional education, vocational training and socioeconomic relationships department&#8221; css=&#8221;&#8221;]Pascal Capellari<\/p>\n<p><a href=\"https:\/\/www.univ-larochelle.fr\/wp-content\/uploads\/pdf\/organigramme-DiDEV.pdf\" target=\"_blank\" rel=\"noopener\">Download the organisation chart.<\/a>[\/vc_toggle][vc_toggle title=&#8221;Education and academic life department&#8221;]Pascal Genot<\/p>\n<p><a href=\"https:\/\/www.univ-larochelle.fr\/wp-content\/uploads\/pdf\/organigramme-DEVU.pdf\" target=\"_blank\" rel=\"noopener\">Download the organisation chart.<\/a>[\/vc_toggle][vc_toggle title=&#8221;Education orientation, success and professional integration department&#8221; css=&#8221;&#8221;]Amandine Courtadon<\/p>\n<p><a href=\"https:\/\/www.univ-larochelle.fr\/wp-content\/uploads\/pdf\/organigramme-DOI.pdf\" target=\"_blank\" rel=\"noopener\">Download the organisation chart.<\/a>[\/vc_toggle][vc_toggle title=&#8221;Innovative pedagogies department&#8221;]Nolwenn Qu\u00e9r\u00e9<\/p>\n<p><a href=\"https:\/\/www.univ-larochelle.fr\/wp-content\/uploads\/pdf\/organigramme-DPI.pdf\">Download the organisation chart.<\/a>[\/vc_toggle][vc_toggle title=&#8221;Cultural Space \/ Students House&#8221; css=&#8221;&#8221;]Viki Kesmaecker<\/p>\n<p><a href=\"https:\/\/www.univ-larochelle.fr\/wp-content\/uploads\/pdf\/organigramme-MDE.pdf\" target=\"_blank\" rel=\"noopener\">Download the organisation chart.<\/a>[\/vc_toggle][vc_toggle title=&#8221;University health service&#8221;]Aur\u00e9lie Proton<\/p>\n<p><a href=\"https:\/\/www.univ-larochelle.fr\/wp-content\/uploads\/pdf\/organigramme-SDSU.pdf\" target=\"_blank\" rel=\"noopener\">Download the organisation chart.<\/a>[\/vc_toggle][vc_toggle title=&#8221;University sports, physical activities and expressions service&#8221; css=&#8221;&#8221;]\u00c9ric Muraz[\/vc_toggle][vc_toggle title=&#8221;Quality and continuous improvement in the field of training&#8221;]Alexandra Bodin[\/vc_toggle][vc_toggle title=&#8221;International relationships department (Europe &amp; French-speaking countries)&#8221;]St\u00e9phane Aymard<\/p>\n<p><a href=\"https:\/\/www.univ-larochelle.fr\/wp-content\/uploads\/pdf\/organigramme-DRIEF.pdf\" target=\"_blank\" rel=\"noopener\">Download the organisation chart.<\/a>[\/vc_toggle][\/vc_column_inner][\/vc_row_inner][vc_row_inner][vc_column_inner width=&#8221;1\/3&#8243;][\/vc_column_inner][vc_column_inner width=&#8221;1\/3&#8243;][vc_toggle title=&#8221;Accounting Department&#8221; css=&#8221;&#8221;]Olivier Thuri\u00e8s<\/p>\n<p><a href=\"https:\/\/www.univ-larochelle.fr\/wp-content\/uploads\/organigramme-AC-EN.pdf\" target=\"_blank\" rel=\"noopener\">Download the organisation chart.<\/a>[\/vc_toggle][\/vc_column_inner][vc_column_inner width=&#8221;1\/3&#8243;][\/vc_column_inner][\/vc_row_inner][\/vc_column][\/vc_row][vc_row][vc_column][vc_empty_space][vc_text_separator title=&#8221;SPECIFIC FUNCTIONS AND TECHNICAL ADVISORS&#8221; color=&#8221;blue&#8221;][vc_empty_space][vc_row_inner][vc_column_inner width=&#8221;1\/2&#8243;][vc_toggle title=&#8221;Security protection officer&#8221; css=&#8221;&#8221;]Sylvain Farthouat[\/vc_toggle][vc_toggle title=&#8221;Occupational health doctor&#8221;]Marie-Annick Even-Baisse[\/vc_toggle][vc_toggle title=&#8221;Prevention councelor&#8221;]Sylvain Farthouat[\/vc_toggle][\/vc_column_inner][vc_column_inner width=&#8221;1\/2&#8243;][vc_toggle title=&#8221;Mediator&#8221;]Caroline Asfar-Cazenave[\/vc_toggle][vc_toggle title=&#8221;Ethics referee&#8221;]Thierry Poulain-Rehm[\/vc_toggle][vc_toggle title=&#8221;Secularism, racism and anti-semitism referee&#8221; css=&#8221;&#8221;]Thierry Poulain-Rehm[\/vc_toggle][vc_toggle title=&#8221;Scientific integrity referee&#8221; css=&#8221;&#8221;]C\u00e9line Laronde-Clerac[\/vc_toggle][\/vc_column_inner][\/vc_row_inner][\/vc_column][\/vc_row][vc_row][vc_column][vc_empty_space][vc_text_separator title=&#8221;UNIVERSITY&#8217;S STRATEGIC PROJECTS&#8221; color=&#8221;blue&#8221;][vc_empty_space][vc_row_inner][vc_column_inner width=&#8221;1\/2&#8243;][vc_toggle title=&#8221;EU-CONEXUS&#8221;]Isabella Baer-Eiselt<\/p>\n<p><a href=\"https:\/\/www.univ-larochelle.fr\/wp-content\/uploads\/pdf\/organigramme-EU-CONEXUS-EN.pdf\" target=\"_blank\" rel=\"noopener\">Download the organisation chart.<\/a>[\/vc_toggle][vc_toggle title=&#8221;Smart Code&#8221; css=&#8221;&#8221;]<\/p>\n<div class=\"vc_row wpb_row vc_row-fluid\">\n<div class=\"wpb_column vc_column_container vc_col-sm-12\">\n<div class=\"vc_column-inner\">\n<div class=\"wpb_wrapper\">\n<div class=\"vc_row wpb_row vc_inner vc_row-fluid\">\n<div class=\"wpb_column vc_column_container vc_col-sm-6\">\n<div class=\"vc_column-inner\">\n<div class=\"wpb_wrapper\">\n<div class=\"vc_toggle vc_toggle_default vc_toggle_color_default vc_toggle_size_md vc_toggle_active\">\n<div class=\"vc_toggle_content\">\n<p><a href=\"https:\/\/www.univ-larochelle.fr\/wp-content\/uploads\/organigramme-SmartCODE-EN.pdf\">Download the organisation chart.<\/a><\/p>\n<\/div>\n<\/div>\n<\/div>\n<\/div>\n<\/div>\n<\/div>\n<\/div>\n<\/div>\n<\/div>\n<\/div>\n<div class=\"vc_row wpb_row vc_row-fluid\">\n<div class=\"wpb_column vc_column_container vc_col-sm-12\">\n<div class=\"vc_column-inner\">\n<div class=\"wpb_wrapper\"><\/div>\n<\/div>\n<\/div>\n<\/div>\n<p>[\/vc_toggle][\/vc_column_inner][vc_column_inner width=&#8221;1\/2&#8243;][vc_toggle title=&#8221;NCU \/ OpenCV&#8221;]Emmanuelle Auras<\/p>\n<p><a href=\"https:\/\/www.univ-larochelle.fr\/wp-content\/uploads\/pdf\/Organigramme-NCU-OpenCV-OCAM-HYPE.pdf\" target=\"_blank\" rel=\"noopener\">Download the organisation chart.<\/a>[\/vc_toggle][vc_toggle title=&#8221;ExcelLR&#8221; css=&#8221;&#8221;]Maxence Langlais Demigne[\/vc_toggle][vc_toggle title=&#8221;ExcelLR&#8217;H&#8221; css=&#8221;&#8221;]Kevin Guillemet (axe 1)<br \/>\nLucie Vaucel (axe 2)[\/vc_toggle][\/vc_column_inner][\/vc_row_inner][\/vc_column][\/vc_row][vc_row][vc_column][vc_empty_space][vc_text_separator title=&#8221;UNIVERSITY&#8217;S STRATEGIC APPROACHES&#8221; color=&#8221;blue&#8221;][vc_empty_space][vc_row_inner][vc_column_inner width=&#8221;1\/2&#8243;][vc_toggle title=&#8221;CampusInnov&#8221;]Micha\u00ebl Gouin<\/p>\n<p><a href=\"https:\/\/www.univ-larochelle.fr\/wp-content\/uploads\/pdf\/organigramme-campusinnov.pdf\" target=\"_blank\" rel=\"noopener\">Download the organisation chart.<\/a>[\/vc_toggle][\/vc_column_inner][vc_column_inner width=&#8221;1\/2&#8243;][vc_toggle title=&#8221;Smart Campus&#8221;]<\/p>\n<div class=\"row page__content\">\n<div class=\"col\">\n<section class=\"wpb-content-wrapper\">\n<div class=\"vc_row wpb_row vc_row-fluid\">\n<div class=\"wpb_column vc_column_container vc_col-sm-12\">\n<div class=\"vc_column-inner\">\n<div class=\"wpb_wrapper\">\n<div class=\"vc_row wpb_row vc_inner vc_row-fluid\">\n<div class=\"wpb_column vc_column_container vc_col-sm-6\">\n<div class=\"vc_column-inner\">\n<div class=\"wpb_wrapper\">\n<div class=\"vc_toggle vc_toggle_default vc_toggle_color_default vc_toggle_size_md vc_toggle_active\">\n<div class=\"vc_toggle_content\">\n<p>Julien Cluchague<\/p>\n<\/div>\n<\/div>\n<\/div>\n<\/div>\n<\/div>\n<\/div>\n<\/div>\n<\/div>\n<\/div>\n<\/div>\n<\/section>\n<\/div>\n<\/div>\n<p>[\/vc_toggle][\/vc_column_inner][\/vc_row_inner][\/vc_column][\/vc_row]<\/p>\n<\/div>","protected":false},"excerpt":{"rendered":"<p>[vc_row title=&#8221;Consultez l&#8217;organigramme g\u00e9n\u00e9ral de l&#8217;Universit\u00e9&#8221; style=&#8221;custom&#8221; gradient_color_1=&#8221;turquoise&#8221; gradient_color_2=&#8221;vista-blue&#8221; gradient_custom_color_1=&#8221;#dd3333&#8243; gradient_custom_color_2=&#8221;#eeee22&#8243; gradient_text_color=&#8221;#ffffff&#8221; custom_background=&#8221;#1e73be&#8221; custom_text=&#8221;#ffffff&#8221; outline_custom_color=&#8221;#666666&#8243; outline_custom_hover_background=&#8221;#666666&#8243; outline_custom_hover_text=&#8221;#ffffff&#8221; shape=&#8221;rounded&#8221; color=&#8221;grey&#8221; size=&#8221;lg&#8221; align=&#8221;center&#8221; button_block=&#8221;true&#8221; add_icon=&#8221;true&#8221; i_align=&#8221;left&#8221; i_type=&#8221;fontawesome&#8221; i_icon_fontawesome=&#8221;far fa-hand-point-up&#8221; i_icon_openiconic=&#8221;vc-oi vc-oi-dial&#8221; i_icon_typicons=&#8221;typcn typcn-adjust-brightness&#8221; i_icon_entypo=&#8221;entypo-icon entypo-icon-note&#8221; i_icon_linecons=&#8221;vc_li vc_li-heart&#8221; i_icon_monosocial=&#8221;vc-mono vc-mono-fivehundredpx&#8221; i_icon_material=&#8221;vc-material vc-material-cake&#8221; i_icon_pixelicons=&#8221;vc_pixel_icon vc_pixel_icon-alert&#8221; custom_onclick=&#8221;&#8221; link=&#8221;url:https%3A%2F%2Fwww.univ-larochelle.fr%2Fwp-content%2Fuploads%2Fmisc%2Forganigramme-LRUniv-VF.pdf|title:Organigramme%20g%C3%A9n%C3%A9ral%20de%20La%20Rochelle%20Universit%C3%A9|target:_blank&#8221; custom_onclick_code=&#8221;&#8221;][vc_column][vc_btn title=&#8221;Consult the general organisation chart of the University&#8221; style=&#8221;custom&#8221; custom_background=&#8221;#1e73be&#8221; custom_text=&#8221;#ffffff&#8221; [&hellip;]<\/p>\n","protected":false},"author":69,"featured_media":4902,"parent":18140,"menu_order":1,"comment_status":"closed","ping_status":"closed","template":"","meta":{"_acf_changed":false,"footnotes":""},"class_list":["post-53217","page","type-page","status-publish","has-post-thumbnail","hentry"],"acf":[],"_links":{"self":[{"href":"https:\/\/www.univ-larochelle.fr\/en\/wp-json\/wp\/v2\/pages\/53217","targetHints":{"allow":["GET"]}}],"collection":[{"href":"https:\/\/www.univ-larochelle.fr\/en\/wp-json\/wp\/v2\/pages"}],"about":[{"href":"https:\/\/www.univ-larochelle.fr\/en\/wp-json\/wp\/v2\/types\/page"}],"author":[{"embeddable":true,"href":"https:\/\/www.univ-larochelle.fr\/en\/wp-json\/wp\/v2\/users\/69"}],"replies":[{"embeddable":true,"href":"https:\/\/www.univ-larochelle.fr\/en\/wp-json\/wp\/v2\/comments?post=53217"}],"version-history":[{"count":0,"href":"https:\/\/www.univ-larochelle.fr\/en\/wp-json\/wp\/v2\/pages\/53217\/revisions"}],"up":[{"embeddable":true,"href":"https:\/\/www.univ-larochelle.fr\/en\/wp-json\/wp\/v2\/pages\/18140"}],"wp:featuredmedia":[{"embeddable":true,"href":"https:\/\/www.univ-larochelle.fr\/en\/wp-json\/wp\/v2\/media\/4902"}],"wp:attachment":[{"href":"https:\/\/www.univ-larochelle.fr\/en\/wp-json\/wp\/v2\/media?parent=53217"}],"curies":[{"name":"wp","href":"https:\/\/api.w.org\/{rel}","templated":true}]}}