{"id":58512,"date":"2023-10-26T10:31:58","date_gmt":"2023-10-26T08:31:58","guid":{"rendered":"https:\/\/www.univ-larochelle.fr\/?page_id=58512"},"modified":"2026-04-01T14:59:38","modified_gmt":"2026-04-01T12:59:38","slug":"page-daccueil-2-2-2-2-2","status":"publish","type":"page","link":"https:\/\/www.univ-larochelle.fr\/en\/","title":{"rendered":"La Rochelle Universit\u00e9"},"content":{"rendered":"<div class=\"wpb-content-wrapper\"><p>[vc_row][vc_column][vc_column_text]\u00c9tudier \u00e0 l\u2019Universit\u00e9 de La Rochelle c\u2019est faire le choix de l\u2019ouverture et de la curiosit\u00e9 dans un environnement privil\u00e9gi\u00e9, tout en b\u00e9n\u00e9ficiant d\u2019un accompagnement personnalis\u00e9 ![\/vc_column_text][\/vc_column][\/vc_row]<\/p>\n<\/div>","protected":false},"excerpt":{"rendered":"<p>[vc_row][vc_column][vc_column_text]\u00c9tudier \u00e0 l\u2019Universit\u00e9 de La Rochelle c\u2019est faire le choix de l\u2019ouverture et de la curiosit\u00e9 dans un environnement privil\u00e9gi\u00e9, tout en b\u00e9n\u00e9ficiant d\u2019un accompagnement personnalis\u00e9 ![\/vc_column_text][\/vc_column][\/vc_row]<\/p>\n","protected":false},"author":1,"featured_media":0,"parent":0,"menu_order":0,"comment_status":"closed","ping_status":"closed","template":"page-templates\/homepage.php","meta":{"_acf_changed":false,"footnotes":""},"class_list":["post-58512","page","type-page","status-publish","hentry"],"acf":[],"_links":{"self":[{"href":"https:\/\/www.univ-larochelle.fr\/en\/wp-json\/wp\/v2\/pages\/58512","targetHints":{"allow":["GET"]}}],"collection":[{"href":"https:\/\/www.univ-larochelle.fr\/en\/wp-json\/wp\/v2\/pages"}],"about":[{"href":"https:\/\/www.univ-larochelle.fr\/en\/wp-json\/wp\/v2\/types\/page"}],"author":[{"embeddable":true,"href":"https:\/\/www.univ-larochelle.fr\/en\/wp-json\/wp\/v2\/users\/1"}],"replies":[{"embeddable":true,"href":"https:\/\/www.univ-larochelle.fr\/en\/wp-json\/wp\/v2\/comments?post=58512"}],"version-history":[{"count":0,"href":"https:\/\/www.univ-larochelle.fr\/en\/wp-json\/wp\/v2\/pages\/58512\/revisions"}],"wp:attachment":[{"href":"https:\/\/www.univ-larochelle.fr\/en\/wp-json\/wp\/v2\/media?parent=58512"}],"curies":[{"name":"wp","href":"https:\/\/api.w.org\/{rel}","templated":true}]}}