{"id":66276,"date":"2024-07-15T16:00:23","date_gmt":"2024-07-15T14:00:23","guid":{"rendered":"https:\/\/www.univ-larochelle.fr\/?page_id=66276"},"modified":"2024-07-15T16:06:01","modified_gmt":"2024-07-15T14:06:01","slug":"improving-digital-infrastructures-connection-and-virtual-environments","status":"publish","type":"page","link":"https:\/\/www.univ-larochelle.fr\/en\/university\/our-vision\/building-a-smart-sustainable-and-green-campus\/improving-digital-infrastructures-connection-and-virtual-environments\/","title":{"rendered":"Improving Digital Infrastructures: Connection and Virtual Environments"},"content":{"rendered":"<div class=\"wpb-content-wrapper\"><p>[vc_row][vc_column width=&#8221;2\/3&#8243;][vc_column_text css=&#8221;&#8221;]<\/p>\n<h2>IMPROVING DIGITAL INFRASTRUCTURES: CONNECTION AND VIRTUAL ENVIRONMENTS<\/h2>\n<h3>Background<\/h3>\n<p>The COVID-19 pandemic and successive lockdowns have highlighted the benefits of having an agile information system for our higher education institutions. It is essential to have the <strong>right resources and to know how to adapt the response to needs<\/strong>, particularly in terms of network and IT resources.<\/p>\n<p>In order to make the development of distance learning and blended learning easier, it was necessary to implement a<strong> lasting solution for our distance learning<\/strong> service offering, and to give the entire student community<strong> access to digital environments identical to those made available to them within the university.<\/strong><\/p>\n<h3>Project<\/h3>\n<p>The aim of the project is to <strong>deploy the IT architectures needed to enable learners<\/strong> (students, people unable to attend, workers) to <strong>access personalised virtual learning environments adapted to the training they are taking, anywhere and at any time.<\/strong>[\/vc_column_text][\/vc_column][vc_column width=&#8221;1\/3&#8243;][vc_cta h2=&#8221;&#8221; add_icon=&#8221;top&#8221; i_icon_fontawesome=&#8221;far fa-id-card&#8221; i_color=&#8221;black&#8221; css=&#8221;&#8221;]<\/p>\n<ul>\n<li>Operational Program &#8220;FEDER-FSE Poitou-Charentes 2014-2020&#8221;<\/li>\n<li>Axe 11 : accompagner la relance du territoire n\u00e9o-aquitain vert, r\u00e9siliente et num\u00e9rique<\/li>\n<\/ul>\n<p>[\/vc_cta][vc_row_inner][vc_column_inner width=&#8221;1\/2&#8243;][vc_single_image image=&#8221;57557&#8243; img_size=&#8221;full&#8221;][\/vc_column_inner][vc_column_inner width=&#8221;1\/2&#8243;][vc_empty_space][vc_single_image image=&#8221;39123&#8243; img_size=&#8221;full&#8221; css=&#8221;&#8221;][\/vc_column_inner][\/vc_row_inner][\/vc_column][\/vc_row]<\/p>\n<\/div>","protected":false},"excerpt":{"rendered":"<p>[vc_row][vc_column width=&#8221;2\/3&#8243;][vc_column_text css=&#8221;&#8221;] IMPROVING DIGITAL INFRASTRUCTURES: CONNECTION AND VIRTUAL ENVIRONMENTS Background The COVID-19 pandemic and successive lockdowns have highlighted the benefits of having an agile information system for our higher education institutions. It is essential to have the right resources and to know how to adapt the response to needs, particularly in terms of network [&hellip;]<\/p>\n","protected":false},"author":69,"featured_media":2681,"parent":50410,"menu_order":1,"comment_status":"closed","ping_status":"closed","template":"","meta":{"_acf_changed":false,"footnotes":""},"class_list":["post-66276","page","type-page","status-publish","has-post-thumbnail","hentry"],"acf":[],"_links":{"self":[{"href":"https:\/\/www.univ-larochelle.fr\/en\/wp-json\/wp\/v2\/pages\/66276","targetHints":{"allow":["GET"]}}],"collection":[{"href":"https:\/\/www.univ-larochelle.fr\/en\/wp-json\/wp\/v2\/pages"}],"about":[{"href":"https:\/\/www.univ-larochelle.fr\/en\/wp-json\/wp\/v2\/types\/page"}],"author":[{"embeddable":true,"href":"https:\/\/www.univ-larochelle.fr\/en\/wp-json\/wp\/v2\/users\/69"}],"replies":[{"embeddable":true,"href":"https:\/\/www.univ-larochelle.fr\/en\/wp-json\/wp\/v2\/comments?post=66276"}],"version-history":[{"count":0,"href":"https:\/\/www.univ-larochelle.fr\/en\/wp-json\/wp\/v2\/pages\/66276\/revisions"}],"up":[{"embeddable":true,"href":"https:\/\/www.univ-larochelle.fr\/en\/wp-json\/wp\/v2\/pages\/50410"}],"wp:featuredmedia":[{"embeddable":true,"href":"https:\/\/www.univ-larochelle.fr\/en\/wp-json\/wp\/v2\/media\/2681"}],"wp:attachment":[{"href":"https:\/\/www.univ-larochelle.fr\/en\/wp-json\/wp\/v2\/media?parent=66276"}],"curies":[{"name":"wp","href":"https:\/\/api.w.org\/{rel}","templated":true}]}}