{"id":70916,"date":"2025-02-05T11:58:33","date_gmt":"2025-02-05T10:58:33","guid":{"rendered":"https:\/\/www.univ-larochelle.fr\/?page_id=70916"},"modified":"2025-02-05T15:24:00","modified_gmt":"2025-02-05T14:24:00","slug":"ddrs-label-la-rochelle-universite-was-awarded-the-sustainable-development-and-social-responsability-label","status":"publish","type":"page","link":"https:\/\/www.univ-larochelle.fr\/en\/university\/our-social-commitments\/sustainable-development\/ddrs-label-la-rochelle-universite-was-awarded-the-sustainable-development-and-social-responsability-label\/","title":{"rendered":"DD&#038;RS Label: La Rochelle Universit\u00e9 was awarded the sustainable development and social responsability label"},"content":{"rendered":"<div class=\"wpb-content-wrapper\"><p>[vc_row][vc_column][vc_column_text css=&#8221;&#8221;]<\/p>\n<h2>La Rochelle Universit\u00e9 was awarded the label for four years<\/h2>\n<p>The <a href=\"https:\/\/cirses.fr\/presentation-du-label-ddrs\" target=\"_blank\" rel=\"noopener\">DD&amp;RS label<\/a> is based on a common reference framework for higher education institutions, covering five areas: governance, training, research, environmental management and social policy. On the basis of a self-assessment and an audit, the university was awarded the label for a period of four years (2022-2025), which will enable it to implement actions to improve its approach in line with the principle of continuous improvement. The network created as a result of the certification is also a means of exchanging best practice with committed universities.<\/p>\n<h2>Opportunities created by the approach within the university<\/h2>\n<p>[\/vc_column_text][\/vc_column][\/vc_row][vc_row][vc_column width=&#8221;1\/4&#8243;][vc_single_image image=&#8221;42876&#8243; img_size=&#8221;full&#8221; alignment=&#8221;center&#8221;][\/vc_column][vc_column width=&#8221;3\/4&#8243;][vc_column_text css=&#8221;&#8221;]On the one hand, the label confirms the actions already being taken by the university, such as <strong>setting up a network of sustainable development officers<\/strong> within the institution, <strong>regularly raising employees\u2019 awareness<\/strong> of the use of soft mobility and <strong>providing social support<\/strong> for students, particularly through its Master Plan for Persons with Disabilities.<\/p>\n<p>It also provides an opportunity to define new objectives and an action plan for the next four years, which will be subject to regular assessment by CIRSES. A number of outlines have already been drawn up, including the creation of a <strong>mobility plan<\/strong>, the increased use of <strong>environmental criteria in the drafting of public tenders<\/strong> and the creation of a <strong>Master Plan for Property and Reduction of Energy Consumption<\/strong>. Finally, thanks to funding obtained under the PIA4 programme, the university aims to develop initiatives to promote the <a href=\"https:\/\/www.univ-larochelle.fr\/en\/university\/our-vision\/specialised-research-on-smart-urban-coastal-sustainability\/\">dissemination and popularisation of science on sustainable development issues in coastal areas<\/a>.[\/vc_column_text][\/vc_column][\/vc_row][vc_row][vc_column][vc_column_text css=&#8221;&#8221;]<\/p>\n<h3>More about the label :<\/h3>\n<p>Created in 2015, the DD&amp;RS label is supported by the Collectif pour l\u2019Int\u00e9gration de la Responsabilit\u00e9 Soci\u00e9tale dans l\u2019Enseignement Sup\u00e9rieur (CIRSES), supported by the Ministry of Ecological Transition and Territorial Cohesion, the Ministry of Higher Education and Research, France Universit\u00e9s, the Conf\u00e9rence des Grandes \u00c9coles and the R\u00e9seau des \u00c9tudiants pour une soci\u00e9t\u00e9 \u00e9cologique et solidaire (RESES).[\/vc_column_text][\/vc_column][\/vc_row]<\/p>\n<\/div>","protected":false},"excerpt":{"rendered":"<p>[vc_row][vc_column][vc_column_text css=&#8221;&#8221;] La Rochelle Universit\u00e9 was awarded the label for four years The DD&amp;RS label is based on a common reference framework for higher education institutions, covering five areas: governance, training, research, environmental management and social policy. On the basis of a self-assessment and an audit, the university was awarded the label for a period [&hellip;]<\/p>\n","protected":false},"author":80,"featured_media":42874,"parent":70918,"menu_order":0,"comment_status":"closed","ping_status":"closed","template":"","meta":{"_acf_changed":false,"footnotes":""},"class_list":["post-70916","page","type-page","status-publish","has-post-thumbnail","hentry","page_contact-sustainable-development-and-corporate-social-responsibility"],"acf":[],"_links":{"self":[{"href":"https:\/\/www.univ-larochelle.fr\/en\/wp-json\/wp\/v2\/pages\/70916","targetHints":{"allow":["GET"]}}],"collection":[{"href":"https:\/\/www.univ-larochelle.fr\/en\/wp-json\/wp\/v2\/pages"}],"about":[{"href":"https:\/\/www.univ-larochelle.fr\/en\/wp-json\/wp\/v2\/types\/page"}],"author":[{"embeddable":true,"href":"https:\/\/www.univ-larochelle.fr\/en\/wp-json\/wp\/v2\/users\/80"}],"replies":[{"embeddable":true,"href":"https:\/\/www.univ-larochelle.fr\/en\/wp-json\/wp\/v2\/comments?post=70916"}],"version-history":[{"count":0,"href":"https:\/\/www.univ-larochelle.fr\/en\/wp-json\/wp\/v2\/pages\/70916\/revisions"}],"up":[{"embeddable":true,"href":"https:\/\/www.univ-larochelle.fr\/en\/wp-json\/wp\/v2\/pages\/70918"}],"wp:featuredmedia":[{"embeddable":true,"href":"https:\/\/www.univ-larochelle.fr\/en\/wp-json\/wp\/v2\/media\/42874"}],"wp:attachment":[{"href":"https:\/\/www.univ-larochelle.fr\/en\/wp-json\/wp\/v2\/media?parent=70916"}],"curies":[{"name":"wp","href":"https:\/\/api.w.org\/{rel}","templated":true}]}}