{"id":80232,"date":"2026-01-26T15:45:14","date_gmt":"2026-01-26T14:45:14","guid":{"rendered":"https:\/\/www.univ-larochelle.fr\/?page_id=80232"},"modified":"2026-03-20T14:46:15","modified_gmt":"2026-03-20T13:46:15","slug":"unesco-chair-ocean-and-sustainable-coastline","status":"publish","type":"page","link":"https:\/\/www.univ-larochelle.fr\/en\/research-and-innovation\/chairs\/unesco-chair-ocean-and-sustainable-coastline\/","title":{"rendered":"UNESCO Chair &#8220;Ocean and Sustainable Coastline&#8221;"},"content":{"rendered":"<div class=\"wpb-content-wrapper\"><p>[vc_row][vc_column][vc_message message_box_style=&#8221;outline&#8221; message_box_color=&#8221;mulled_wine&#8221; icon_fontawesome=&#8221;far fa-calendar-alt&#8221; css=&#8221;&#8221;]<\/p>\n<p style=\"text-align: center;\">The <a href=\"https:\/\/www.univ-larochelle.fr\/en\/evenements\/lauch-symposium-unesco-chair-ocean-and-sustainable-coastline\/\"><strong>Unesco Chair launch symposium<\/strong><\/a> will take place from <strong>28 to 30 April 2026 <\/strong>!<\/p>\n<p>[\/vc_message][vc_row_inner][vc_column_inner width=&#8221;1\/5&#8243;][vc_single_image image=&#8221;75503&#8243; img_size=&#8221;medium&#8221; css=&#8221;&#8221;][\/vc_column_inner][vc_column_inner width=&#8221;4\/5&#8243;][vc_column_text css=&#8221;&#8221;]In 2025, La Rochelle Universit\u00e9 <strong>was awarded a UNESCO Chair in Ocean and Sustainable Coastline<\/strong>, as part of the <a href=\"https:\/\/www.unesco.org\/fr\/unitwin\" target=\"_blank\" rel=\"noopener\">UNESCO\/Unitwin<\/a> programme\u00a0 and in the context of the <a href=\"https:\/\/www.unesco.org\/fr\/decades\/ocean-decade\" target=\"_blank\" rel=\"noopener\">United Nations Decade of Ocean Science for Sustainable Development<\/a> (2021\u20132030). This chair is in line with the University&#8217;s commitment to open<strong>, responsible and committed science in the heart of coastal territories.<\/strong>[\/vc_column_text][\/vc_column_inner][\/vc_row_inner][vc_column_text css=&#8221;&#8221;]<\/p>\n<h2>The objectives of the UNESCO Chair &#8220;Ocean and Sustainable Coastline&#8221;<\/h2>\n<p>Supported by an interdisciplinary team and open to the international community, the chair&#8217;s mission is to:[\/vc_column_text][vc_toggle title=&#8221;1. Improving the resilience of coastal communities to marine hazards&#8221; color=&#8221;blue&#8221; size=&#8221;lg&#8221; css=&#8221;&#8221;]Development of a public decision-making support model based on vulnerability trajectories in French territories (metropolitan and overseas), Africa, and Asia. This project is supported by the <a href=\"https:\/\/www.univ-larochelle.fr\/en\/university\/our-strategic-projects\/excellr\/\">ExcelLR<\/a> investment program for the future (2026\u20132029).[\/vc_toggle][vc_toggle title=&#8221;2. Generating and disseminating interdisciplinary oceanic knowledge&#8221; color=&#8221;blue&#8221; size=&#8221;lg&#8221; css=&#8221;&#8221;]<\/p>\n<div>\n<p>Creation of an open science portal on the ocean system, integrating oceanographic data, monitoring of marine mammal populations, and marine pollution in polar environments.<\/p>\n<\/div>\n<p>The UNESCO Chair in Sustainable Oceans and Coastal Areas relies on the Urban &amp; Coastal Lab La Rochelle (UCLR) platform to disseminate and promote research products in accordance with the principles of open science. Publications resulting from certified projects are deposited on HAL, and research products (data, models, tools) are referenced and<a href=\"https:\/\/data.univ-lr.fr\/\" target=\"_blank\" rel=\"noopener\"> accessible via the institutional catalog<\/a>, ensuring their visibility, sustainability, and reuse.[\/vc_toggle][vc_toggle title=&#8221;3. Contribute to the implementation and respect of the principles of climate and environmental justice in coastal and marine areas most exposed to marine risks&#8221; color=&#8221;blue&#8221; size=&#8221;lg&#8221; css=&#8221;&#8221;][\/vc_toggle][vc_toggle title=&#8221;4. Encourage responsible research and innovation adapted to societal needs and better management and protection of the coastline and ocean&#8221; color=&#8221;blue&#8221; size=&#8221;lg&#8221; css=&#8221;&#8221;]<\/p>\n<div class=\"wpb_text_column wpb_content_element\">\n<div class=\"wpb_wrapper\">\n<p>Contribution to research, training, and mediation programs related to the <a href=\"https:\/\/www.espritdevelox.org\/\" target=\"_blank\" rel=\"noopener\">Esprit de Velox<\/a> initiative (2025\u20132027), for better sustainable coastal management.<\/p>\n<\/div>\n<\/div>\n<p>[\/vc_toggle][vc_tta_accordion section_title_tag=&#8221;h3&#8243; style=&#8221;outline&#8221; color=&#8221;black&#8221; c_icon=&#8221;chevron&#8221; active_section=&#8221;0&#8243; collapsible_all=&#8221;true&#8221; title=&#8221;The chair&#8217;s actions and resources&#8221;][vc_tta_section i_icon_fontawesome=&#8221;fas fa-graduation-cap&#8221; add_icon=&#8221;true&#8221; title=&#8221;Theses&#8221; tab_id=&#8221;theses&#8221;][vc_column_text css=&#8221;&#8221;]<\/p>\n<ul>\n<li><strong>&#8220;Mod\u00e9lisation du Niveau Marin Relatif via une librairie python (SL_C0de) et application \u00e0 deux grands syst\u00e8mes s\u00e9dimentaires de la Baie du Bengale&#8221;<\/strong><\/li>\n<\/ul>\n<p>Thesis defended on <strong>August 29, 2025 <\/strong>by <strong>Adrien Henry<\/strong>, laboratory \u00a0<a href=\"https:\/\/lienss.univ-larochelle.fr\/\">LIENSs.<\/a><\/p>\n<ul>\n<li><strong>&#8220;Dans les mailles du risque : caract\u00e9risation des captures de dauphins communs en Atlantique Nord-Est&#8221;<\/strong><\/li>\n<\/ul>\n<p>Thesis defended on <strong>September 18, 2025<\/strong> by <strong>Camille Deslias<\/strong>, <a href=\"https:\/\/www.observatoire-pelagis.cnrs.fr\/\" target=\"_blank\" rel=\"noopener\">PELAGIS observatory.<\/a><\/p>\n<ul>\n<li><strong>&#8220;Balance \u00e9nerg\u00e9tique du manchot Ad\u00e9lie face aux changements de glace de mer : enrichir la mod\u00e9lisation m\u00e9canistique par le bio-logging et les suivis \u00e0 long-terme&#8221;<\/strong><\/li>\n<\/ul>\n<p>Thesis defended on <strong>October 7, 2025<\/strong> by <strong>Benjamin Dupuis<\/strong>, <a href=\"https:\/\/www.cebc.cnrs.fr\/\" target=\"_blank\" rel=\"noopener\">CEBC.<\/a><\/p>\n<ul>\n<li><strong>&#8220;<b>Performances des r\u00e9seaux sans fil multi-sauts pour les environnements maritimes<\/b>&#8220;<\/strong><\/li>\n<\/ul>\n<p>Thesis defended on <strong>November 12, 2025<\/strong> by <strong>Salah Eddine Elgharbi<\/strong>, <a href=\"https:\/\/l3i.univ-larochelle.fr\/\">L3I laboratory<\/a>.<\/p>\n<ul>\n<li><strong>&#8220;Extraction d&#8217;informations pour l&#8217;int\u00e9gration d&#8217;articles multidisciplinaires en vue de la co-construction de connaissances sur les zones c\u00f4ti\u00e8res&#8221;<\/strong><\/li>\n<\/ul>\n<p>Thesis defended on <strong>November 28, 2025<\/strong> by <strong>Julien Delaunay<\/strong>, <a href=\"https:\/\/l3i.univ-larochelle.fr\/\">L3I laboratory<\/a>.[\/vc_column_text][\/vc_tta_section][vc_tta_section i_icon_fontawesome=&#8221;fas fa-newspaper&#8221; add_icon=&#8221;true&#8221; title=&#8221;Recent publications&#8221; tab_id=&#8221;publications&#8221;][vc_column_text css=&#8221;&#8221;]<\/p>\n<ul>\n<li><strong>&#8220;Mercury speciation and stable isotopes in emperor penguins: First evidence for biochemical demethylation of methylmercury to mercury-dithiolate and mercury-tetraselenolate complexes&#8221;<\/strong><\/li>\n<\/ul>\n<p>Manceau A., Bustamante P., Richy E., Cherel Y., Janssen S., Glatzel P., Poulin B. (2025) <a href=\"https:\/\/www.sciencedirect.com\/science\/article\/pii\/S0304389424030784?via%3Dihub\" target=\"_blank\" rel=\"noopener\">First Evidence for Biochemical Demethylation of Methylmercury to Mercury-Dithiolate and Mercury-Tetraselenolate Complexe<\/a>s.<i> Journal of Hazardous Materials<\/i>.<\/p>\n<ul>\n<li><strong>&#8220;20 years of tagging small cetacean carcasses in the North-East Atlantic for bycatch estimation&#8221;<\/strong><\/li>\n<\/ul>\n<p>Peltier H., Authier M., Dabin W., Daniel P., Dars C., Demaret F., Meheust E., Ridoux V., Spitz J., Van Canneyt O. (2025) <a href=\"https:\/\/www.sciencedirect.com\/science\/article\/pii\/S1617138125001827\" target=\"_blank\" rel=\"noopener\">I Sink Therefore I Am: 20 Years of Tagging Small Cetacean Carcasses in the North-East Atlantic for Bycatch Estimation<\/a>.<i> Journal for Nature Conservation.<\/i><\/p>\n<ul>\n<li><strong>&#8220;Long-Term Changes in the Winter Diet of Common Dolphins Reflects Ecological Shifts and Bycatch Dynamics in the Bay of Biscay&#8221;<\/strong><\/li>\n<\/ul>\n<p>Faure J., Niol J., Meheust E., Spitz J. (2025) <a href=\"https:\/\/onlinelibrary.wiley.com\/doi\/full\/10.1002\/ece3.71815\" target=\"_blank\" rel=\"noopener\">Long-Term Changes in the Winter Diet of Common Dolphins Reflects Ecological Shifts and Bycatch Dynamics in the Bay of Biscay<\/a>. <em>Ecology and Evolution.<\/em><\/p>\n<ul>\n<li><strong>&#8220;Comment prot\u00e9ger l\u2019oc\u00e9an ? Une petite histoire du droit de la mer&#8221;<\/strong><\/li>\n<\/ul>\n<div class=\"QpPSMb\">\n<div class=\"DoxwDb\">\n<div class=\"PZPZlf ssJ7i xgAzOe\" role=\"heading\" aria-level=\"2\" data-attrid=\"title\"><a href=\"https:\/\/www.mnhn.fr\/fr\/comment-proteger-l-ocean-une-petite-histoire-du-droit-de-la-mer\" target=\"_blank\" rel=\"noopener\">Publication<\/a> for the general public by the Natural History Museum of La Rochelle reviewed by <strong>Agn\u00e8s Michelot<\/strong>, university professor of public law and head of the UNESCO Chair in Sustainable Oceans and Coastlines.<\/div>\n<ul>\n<li role=\"heading\" aria-level=\"2\" data-attrid=\"title\"><strong>&#8220;Sensing the Ocean through the Exquisite Corpse ArtScience method&#8221;<\/strong><\/li>\n<\/ul>\n<p>Jung J., Cherkasheva A., Corporeau C., Mistry J., Narvaez D., Neilson A.L., Owens D., Parrain C., Riddell D.J., Zivian A.(2025) <a href=\"https:\/\/online.ucpress.edu\/elementa\/article\/13\/1\/00051\/215046\/Sensing-the-Ocean-through-the-Exquisite-Corpse\" target=\"_blank\" rel=\"noopener\">Sensing the Ocean through the Exquisite Corpse ArtScience method.<\/a> <em>Elementa: Science of the Anthropocene.<\/em><\/p>\n<\/div>\n<\/div>\n<div class=\"nwVKo\">\n<div class=\"loJjTe\"><\/div>\n<\/div>\n<p>[\/vc_column_text][\/vc_tta_section][vc_tta_section i_icon_fontawesome=&#8221;fas fa-tasks&#8221; add_icon=&#8221;true&#8221; title=&#8221;Current research projects&#8221; tab_id=&#8221;1765464090952-016c2507-c2e3&#8243;][vc_column_text css=&#8221;&#8221;]<\/p>\n<ul>\n<li><strong>FUTURISK project<\/strong><\/li>\n<\/ul>\n<p>The FUTURISKS, project led by Virginie Duvat and Xavier Bertin from the <a href=\"https:\/\/lienss.univ-larochelle.fr\/?lang=fr\">LIENSs<\/a>\u00a0is an interdisciplinary project that aims to <strong>study coastal risks and climate change adaptation solutions in the French tropical island overseas territories<\/strong>.<\/p>\n<p><a href=\"https:\/\/futurisks.recherche.univ-lr.fr\/\" target=\"_blank\" rel=\"noopener\">Learn more about the FUTURISK project.<\/a><\/p>\n<ul>\n<li><strong>Projet Marine Beacon<\/strong>(Monitoring and elimination of bycatch of endangered and conserved species in Atlantic region)<\/li>\n<\/ul>\n<p>Funded by the\u00a0 European Union&#8217;s <a href=\"https:\/\/www.horizon-europe.gouv.fr\/\" target=\"_blank\" rel=\"noopener\">programme Horizon Europe<\/a>\u00a0, the Marine Beacon project aims<strong> to identify significant gaps in understanding the issues of bycatch of protected species<\/strong> (PETS) and to adopt <strong>innovative approaches to produce the knowledge and tools to better understand the risks and vulnerability related to these bycatches<\/strong>.<\/p>\n<p><a href=\"https:\/\/marinebeacon.eu\/\" target=\"_blank\" rel=\"noopener\">Learn more about the Marine Beacon Project.<\/a>[\/vc_column_text][\/vc_tta_section][vc_tta_section i_icon_fontawesome=&#8221;fas fa-microphone&#8221; add_icon=&#8221;true&#8221; title=&#8221;Events, conferences and symposia&#8221; tab_id=&#8221;evenements&#8221;][vc_column_text css=&#8221;&#8221;]<\/p>\n<ul>\n<li><a href=\"https:\/\/www.univ-larochelle.fr\/evenements\/semaine-des-humanites-oceanes\/\">Semaine des Humanit\u00e9s Oc\u00e9anes<\/a>, from September 29 to October 5, 2025<\/li>\n<li><a href=\"https:\/\/www.univ-larochelle.fr\/evenements\/intercomparaison-somlit-2025\/\">Intercomparaison SOMLIT<\/a>from September 30 to October 3, 2025<\/li>\n<li><a href=\"https:\/\/www.univ-larochelle.fr\/evenements\/colloque-romanite-et-littoral\/\">&#8220;Romanit\u00e9 et Littoral&#8221; conference<\/a>, from 9 to 10 October 2025<\/li>\n<li>Inauguration of the exhibition <a href=\"https:\/\/www.espritdevelox.org\/velox-1875-esprit-de-velox-2025-le-desir-davant-garde-musee-maritime-la-rochelle-3nov25-30avr26\/\" target=\"_blank\" rel=\"noopener\">&#8220;VELOX 1875 \u2013 Esprit de Velox 2025 : Le d\u00e9sir d\u2019avant-garde&#8221;,<\/a> on 3 November 2025 on the occasion of the <a href=\"https:\/\/economiedelamer.ouest-france.fr\/evenements-paralleles-durant-les-assises\/\" target=\"_blank\" rel=\"noopener\">Assises de l&#8217;\u00e9conomie de la mer 2025<\/a><\/li>\n<li>Podcast <a href=\"https:\/\/podcast.ausha.co\/ecoute-ta-mer\/observer-l-invisible-mesurer-la-mer\" target=\"_blank\" rel=\"noopener\">&#8220;Observer l\u2019invisible, mesurer la mer&#8221;<\/a>, published on February 17, 2026<\/li>\n<\/ul>\n<p>[\/vc_column_text][\/vc_tta_section][\/vc_tta_accordion][vc_column_text css=&#8221;&#8221;]<\/p>\n<h2>An opening to the international market and global scientific networks<\/h2>\n<p>This chair is also part <strong>of La Rochelle University&#8217;s international strategy and benefits from the support of its <\/strong><a href=\"https:\/\/www.eu-conexus.eu\/\" target=\"_blank\" rel=\"noopener\"><strong>EU-CONEXUS network<\/strong><\/a><strong>, a <\/strong>\u00a0European alliance dedicated to sustainable development in coastal cities, bringing together 9 universities.<\/p>\n<p>It also joins the network of <a href=\"https:\/\/www.unesco.org\/fr\/unitwin\/list?hub=84637\" target=\"_blank\" rel=\"noopener\">UNESCO Chairs<\/a> working on the same environmental, oceanic and social themes, allowing for interdisciplinary dialogue on a global scale.[\/vc_column_text][vc_tta_tabs section_title_tag=&#8221;h3&#8243; style=&#8221;outline&#8221; color=&#8221;black&#8221; active_section=&#8221;1&#8243; title=&#8221;The Chair&#8217;s partners&#8221; el_id=&#8221;partenaires&#8221;][vc_tta_section i_icon_fontawesome=&#8221;fas fa-graduation-cap&#8221; add_icon=&#8221;true&#8221; title=&#8221;University partners&#8221; tab_id=&#8221;1757924181158-fff31769-569c&#8221;][vc_column_text css=&#8221;&#8221;]<\/p>\n<ul>\n<li><a href=\"https:\/\/usth.edu.vn\/en\/\" target=\"_blank\" rel=\"noopener\">Hanoi University of Science and Technology<\/a> (Vietnam)<\/li>\n<li><a href=\"https:\/\/www.au-ibar.org\/fr\/about-us\/our-partners\/centre-of-excellence\/centre-dexcellence-africain-pour-la-resilience-cotiere\" target=\"_blank\" rel=\"noopener\">African Centre of Excellence in Coastal Resilience at the University of Cape Coas<\/a>(Ghana)<\/li>\n<li>University of Hanoi (Vietnam)<\/li>\n<li><a href=\"https:\/\/ufrj.br\/fr\/\" target=\"_blank\" rel=\"noopener\">Federal University of Rio Janeiro<\/a> (Brazil)<\/li>\n<li><a href=\"https:\/\/www.usherbrooke.ca\/\" target=\"_blank\" rel=\"noopener\">University of Sherbrooke<\/a> (Canada)<\/li>\n<li><a href=\"https:\/\/www.deakin.edu.au\/\" target=\"_blank\" rel=\"noopener\">Deakin University<\/a> (Australia)<\/li>\n<li><a href=\"https:\/\/www.ucr.ac.cr\/\" target=\"_blank\" rel=\"noopener\">University of Costa Rica<\/a><\/li>\n<li><a href=\"https:\/\/www.ussein.sn\/\" target=\"_blank\" rel=\"noopener\">University of Ussein<\/a> (Senegal)<\/li>\n<li><a href=\"https:\/\/onu.edu.ua\/en\/\" target=\"_blank\" rel=\"noopener\">University of Odessa<\/a> (Ukraine)<\/li>\n<\/ul>\n<p>[\/vc_column_text][\/vc_tta_section][vc_tta_section i_icon_fontawesome=&#8221;fas fa-users&#8221; add_icon=&#8221;true&#8221; title=&#8221;Civil society partners&#8221; tab_id=&#8221;1757924181171-a22c9f9a-b760&#8243;][vc_column_text css=&#8221;&#8221;]<\/p>\n<ul>\n<li><a href=\"https:\/\/www.espritdevelox.org\/\" target=\"_blank\" rel=\"noopener\">Esprit de Velox<\/a><\/li>\n<li><a href=\"https:\/\/www.mab-france.org\/fr\/\" target=\"_blank\" rel=\"noopener\">MAB France (r\u00e9seau Unesco)<\/a><\/li>\n<li><a href=\"https:\/\/cidce.org\/fr\/\" target=\"_blank\" rel=\"noopener\">CIDCE<\/a> (International Centre for Comparative Environmental Law)<\/li>\n<li><a href=\"https:\/\/iaiqschool.org\/\" target=\"_blank\" rel=\"noopener\">Institut des affaires internationales du Qu\u00e9bec<\/a><\/li>\n<\/ul>\n<p>[\/vc_column_text][\/vc_tta_section][vc_tta_section i_icon_fontawesome=&#8221;fas fa-map-pin&#8221; add_icon=&#8221;true&#8221; title=&#8221;Local partners&#8221; tab_id=&#8221;1757924236623-c6bea5f6-87de&#8221;][vc_column_text css=&#8221;&#8221;]<\/p>\n<ul>\n<li><a href=\"https:\/\/www.agglo-larochelle.fr\/\" target=\"_blank\" rel=\"noopener\">Agglomeration of La Rochelle<\/a><\/li>\n<li><a href=\"https:\/\/www.clubunesco-larochelle.fr\/accueil\" target=\"_blank\" rel=\"noopener\">UNESCO club of La Rochelle<\/a><\/li>\n<\/ul>\n<p>[\/vc_column_text][\/vc_tta_section][\/vc_tta_tabs][vc_column_text css=&#8221;&#8221;]<\/p>\n<h2>Feedback on events<\/h2>\n<ul>\n<li><strong>\u00a0<span style=\"background: #B7D6F1;\">High-level workshop in Rabat<\/span><\/strong><\/li>\n<\/ul>\n<p>As part of the preparation for the <a href=\"https:\/\/unocnice2025.org\/\" target=\"_blank\" rel=\"noopener\">3rd United Nations Ocean Conference (UNOC3), <\/a>which was held in Nice from 9 to 14 June 2025 under the theme &#8220;Oceans: Accelerating Action and Mobilizing All Stakeholders to Conserve and Use the Ocean Sustainably&#8221;, Agn\u00e8s Michelot presented the University&#8217;s UNESCO Charter on Oceans and Sustainable Coastlines during the high-level preparatory workshop,\u00a0 co-organized by the Mohammed VI Foundation for Environmental Protection and the Embassy of France in Morocco.<\/p>\n<ul>\n<li><strong><span style=\"background: #B7D6F1;\">3d United Nations Ocean Conference (UNOC3)<\/span><\/strong><\/li>\n<\/ul>\n<p>Agn\u00e8s Michelot, head of the Chair, presented the Chair on 7 June 2025 at the <a href=\"https:\/\/unocnice2025.org\/\" target=\"_blank\" rel=\"noopener\">3rd United Nations Ocean Conference<\/a> in Nice. Learn <a href=\"https:\/\/unesco.delegfrance.org\/Eduquer-et-sensibiliser-sur-l-Ocean-Le-potentiel-et-l-impact-des-reseaux-UNESCO-6291\" target=\"_blank\" rel=\"noopener\">more about this presentation<\/a>.<\/p>\n<ul>\n<li><strong><span style=\"background: #B7D6F1;\">Symposium Anatomy of an Island<\/span><\/strong><\/li>\n<\/ul>\n<p>The 13th Symposium &#8220;<a href=\"https:\/\/visitjelsa.hr\/en\/dogadanja\/anatomy-of-an-island-symposium-25-27-september-2025\/\" target=\"_blank\" rel=\"noopener\">Anatomy of an Island \u2013 Fragility of Islands and\/or Islands of Fragility: Island Lives, Contemporary Changes, and Uncertain Futures<\/a>&#8221; was held from 25 to 27 September 2025 in Jelsa, on the island of Hvar. It brought together 38 researchers, offering a multidisciplinary overview of the current challenges of island life. Agn\u00e8s Michelot, head of the Chair, was present.<\/p>\n<ul>\n<li><strong><span style=\"background: #B7D6F1;\">International Conference \u201cClimate Change Advisory Opinions from International Courts: Exploring Synergies and Implications\u201d<\/span><\/strong><\/li>\n<\/ul>\n<p>Agn\u00e8s Michelot, head of the Chair, spoke on March 20 during the second opening address and roundtable discussion on \u201cAdvisory Opinions Clarifications on the Law of the Sea and Sea Level Rise.\u201d[\/vc_column_text][vc_cta h2=&#8221;Chair&#8217;s Steering Committee&#8221; style=&#8221;outline&#8221; color=&#8221;black&#8221; css=&#8221;&#8221;]<\/p>\n<ul>\n<li><a href=\"https:\/\/lienss.univ-larochelle.fr\/Michelot-Agnes\" target=\"_blank\" rel=\"noopener\">Agn\u00e8s Michelot<\/a>\n<ul>\n<li>Head of the Chair<\/li>\n<\/ul>\n<\/li>\n<li><a href=\"https:\/\/lienss.univ-larochelle.fr\/Testut-Laurent\" target=\"_blank\" rel=\"noopener\">Laurent Testut<\/a>\n<ul>\n<li>Co-head of the Chair and scientific director of <a href=\"https:\/\/www.sonel.org\/\" target=\"_blank\" rel=\"noopener\">SNO SONEL<\/a>.<\/li>\n<\/ul>\n<\/li>\n<li><a href=\"https:\/\/lasie.univ-larochelle.fr\/BASTIDAS-ARTEAGA-Emilio\" target=\"_blank\" rel=\"noopener\">Emilio Bastidas-Arteaga<\/a><\/li>\n<li><a href=\"https:\/\/www.observatoire-pelagis.cnrs.fr\/pelagis-2\/lequipe\/florence-caurant\/\" target=\"_blank\" rel=\"noopener\">Florence Caurant<\/a><\/li>\n<li><a href=\"https:\/\/lienss.univ-larochelle.fr\/Guilloux-Bleuenn-Gaelle\" target=\"_blank\" rel=\"noopener\">Bleuenn Guilloux<\/a><\/li>\n<li><a href=\"https:\/\/lienss.univ-larochelle.fr\/Bertin-Xavier-602\" target=\"_blank\" rel=\"noopener\">Xavier Bertin\u00a0<\/a><\/li>\n<li><a href=\"https:\/\/lienss.univ-larochelle.fr\/Parrain-Camille-2176\" target=\"_blank\" rel=\"noopener\">Camille Parrain<\/a>\n<ul>\n<li>Ambassador in France and Norway of the project<a href=\"https:\/\/oceandecade.org\/actions\/women-from-the-sea\/\" target=\"_blank\" rel=\"noopener\"><em>Women From the Sea.<\/em><\/a><\/li>\n<\/ul>\n<\/li>\n<li><a href=\"https:\/\/unesco.delegfrance.org\/Biographie-Jerome-FROMAGEAU\" target=\"_blank\" rel=\"noopener\">J\u00e9r\u00f4me Fromageau<\/a>\n<ul>\n<li>expert of the French National Commission for UNESCO<\/li>\n<\/ul>\n<\/li>\n<li>Fran\u00e7oise Gaill\n<ul>\n<li>French biologist and oceanographer<\/li>\n<\/ul>\n<\/li>\n<\/ul>\n<p>[\/vc_cta][\/vc_column][\/vc_row]<\/p>\n<\/div>","protected":false},"excerpt":{"rendered":"<p>[vc_row][vc_column][vc_message message_box_style=&#8221;outline&#8221; message_box_color=&#8221;mulled_wine&#8221; icon_fontawesome=&#8221;far fa-calendar-alt&#8221; css=&#8221;&#8221;] The Unesco Chair launch symposium will take place from 28 to 30 April 2026 ! [\/vc_message][vc_row_inner][vc_column_inner width=&#8221;1\/5&#8243;][vc_single_image image=&#8221;75503&#8243; img_size=&#8221;medium&#8221; css=&#8221;&#8221;][\/vc_column_inner][vc_column_inner width=&#8221;4\/5&#8243;][vc_column_text css=&#8221;&#8221;]In 2025, La Rochelle Universit\u00e9 was awarded a UNESCO Chair in Ocean and Sustainable Coastline, as part of the UNESCO\/Unitwin programme\u00a0 and in the context of the United [&hellip;]<\/p>\n","protected":false},"author":69,"featured_media":42869,"parent":80238,"menu_order":2,"comment_status":"closed","ping_status":"closed","template":"","meta":{"_acf_changed":false,"footnotes":""},"class_list":["post-80232","page","type-page","status-publish","has-post-thumbnail","hentry"],"acf":[],"_links":{"self":[{"href":"https:\/\/www.univ-larochelle.fr\/en\/wp-json\/wp\/v2\/pages\/80232","targetHints":{"allow":["GET"]}}],"collection":[{"href":"https:\/\/www.univ-larochelle.fr\/en\/wp-json\/wp\/v2\/pages"}],"about":[{"href":"https:\/\/www.univ-larochelle.fr\/en\/wp-json\/wp\/v2\/types\/page"}],"author":[{"embeddable":true,"href":"https:\/\/www.univ-larochelle.fr\/en\/wp-json\/wp\/v2\/users\/69"}],"replies":[{"embeddable":true,"href":"https:\/\/www.univ-larochelle.fr\/en\/wp-json\/wp\/v2\/comments?post=80232"}],"version-history":[{"count":0,"href":"https:\/\/www.univ-larochelle.fr\/en\/wp-json\/wp\/v2\/pages\/80232\/revisions"}],"up":[{"embeddable":true,"href":"https:\/\/www.univ-larochelle.fr\/en\/wp-json\/wp\/v2\/pages\/80238"}],"wp:featuredmedia":[{"embeddable":true,"href":"https:\/\/www.univ-larochelle.fr\/en\/wp-json\/wp\/v2\/media\/42869"}],"wp:attachment":[{"href":"https:\/\/www.univ-larochelle.fr\/en\/wp-json\/wp\/v2\/media?parent=80232"}],"curies":[{"name":"wp","href":"https:\/\/api.w.org\/{rel}","templated":true}]}}